{"id":15338,"date":"2020-04-02T15:57:20","date_gmt":"2020-04-02T13:57:20","guid":{"rendered":"https:\/\/www.esterpineda.com\/?page_id=15338"},"modified":"2022-02-12T20:34:13","modified_gmt":"2022-02-12T19:34:13","slug":"discography-2-2","status":"publish","type":"page","link":"https:\/\/www.esterpineda.com\/index.php\/discography-2-2\/","title":{"rendered":"Presse"},"content":{"rendered":"<p>[vc_row css_animation=\u00a0\u00bb\u00a0\u00bb row_type=\u00a0\u00bbrow\u00a0\u00bb use_row_as_full_screen_section=\u00a0\u00bbno\u00a0\u00bb type=\u00a0\u00bbgrid\u00a0\u00bb angled_section=\u00a0\u00bbno\u00a0\u00bb text_align=\u00a0\u00bbleft\u00a0\u00bb background_image_as_pattern=\u00a0\u00bbwithout_pattern\u00a0\u00bb z_index=\u00a0\u00bb\u00a0\u00bb css=\u00a0\u00bb.vc_custom_1522333247578{padding-bottom: 130px !important;}\u00a0\u00bb][vc_column offset=\u00a0\u00bbvc_col-lg-offset-0 vc_col-lg-7 vc_col-md-offset-0 vc_col-md-7 vc_col-sm-offset-0 vc_col-xs-12&Prime;][qode_elements_holder number_of_columns=\u00a0\u00bbone_column\u00a0\u00bb][qode_elements_holder_item advanced_animations=\u00a0\u00bbno\u00a0\u00bb item_padding=\u00a0\u00bb11px 2% 0 224px\u00a0\u00bb item_padding_768_1024=\u00a0\u00bb0px 6% 0 97px\u00a0\u00bb item_padding_600_768=\u00a0\u00bb0px 3% 0 0px\u00a0\u00bb item_padding_480=\u00a0\u00bb0px 0% 50px 0px\u00a0\u00bb][vc_column_text][\/vc_column_text][vc_empty_space height=\u00a0\u00bb60px\u00a0\u00bb][vc_column_text]\u00a0\u00bbLa vitalit\u00e9 rythmique des <em>Danses<\/em> et la tendres dissonances dont Mompou comme Bonet pars\u00e8ment leurs partitions, sont rendues par la pianiste Ester Pineda -qui a fr\u00e9quent\u00e9 les deux compositeurs catalans- avec un louable souci d&rsquo;\u00e9quilibre et d&rsquo;\u00e9conomie pour mieux traduire leurs affinit\u00e9s esth\u00e9tiques\u00a0\u00bb.<\/p>\n<p>&nbsp;<\/p>\n<h4><strong>J\u00e9r\u00f4me Bastianelli- DIAPASON &#8211; N\u00b0 700<\/strong><\/h4>\n<p>[\/vc_column_text][\/qode_elements_holder_item][\/qode_elements_holder][\/vc_column][vc_column offset=\u00a0\u00bbvc_col-lg-offset-0 vc_col-lg-5 vc_col-md-offset-0 vc_col-md-5 vc_col-sm-offset-0 vc_col-xs-12&Prime;][qode_elements_holder number_of_columns=\u00a0\u00bbone_column\u00a0\u00bb][qode_elements_holder_item advanced_animations=\u00a0\u00bbno\u00a0\u00bb item_padding=\u00a0\u00bb0 43% 0 0%\u00a0\u00bb item_padding_768_1024=\u00a0\u00bb0 23% 0 0%\u00a0\u00bb item_padding_600_768=\u00a0\u00bb60px 0% 0 0%\u00a0\u00bb item_padding_480=\u00a0\u00bb0px 0% 0 0%\u00a0\u00bb][vc_empty_space height=\u00a0\u00bb60px\u00a0\u00bb][vc_single_image image=\u00a0\u00bb16740&Prime; img_size=\u00a0\u00bbfull\u00a0\u00bb qode_css_animation=\u00a0\u00bb\u00a0\u00bb][\/qode_elements_holder_item][\/qode_elements_holder][\/vc_column][\/vc_row][vc_row css_animation=\u00a0\u00bb\u00a0\u00bb row_type=\u00a0\u00bbrow\u00a0\u00bb use_row_as_full_screen_section=\u00a0\u00bbno\u00a0\u00bb type=\u00a0\u00bbgrid\u00a0\u00bb angled_section=\u00a0\u00bbno\u00a0\u00bb text_align=\u00a0\u00bbleft\u00a0\u00bb background_image_as_pattern=\u00a0\u00bbwithout_pattern\u00a0\u00bb z_index=\u00a0\u00bb\u00a0\u00bb css=\u00a0\u00bb.vc_custom_1522332962243{padding-top: 73px !important;padding-bottom: 100px !important;}\u00a0\u00bb][vc_column offset=\u00a0\u00bbvc_col-lg-offset-0 vc_col-lg-5 vc_col-md-offset-0 vc_col-md-5 vc_col-sm-offset-0 vc_col-xs-12&Prime;][qode_elements_holder number_of_columns=\u00a0\u00bbone_column\u00a0\u00bb][qode_elements_holder_item advanced_animations=\u00a0\u00bbno\u00a0\u00bb item_padding=\u00a0\u00bb0 0% 0px 43%\u00a0\u00bb item_padding_768_1024=\u00a0\u00bb0 0% 0px 25%\u00a0\u00bb item_padding_600_768=\u00a0\u00bb0 0% 60px 0%\u00a0\u00bb item_padding_480=\u00a0\u00bb0 0% 40px 0%\u00a0\u00bb][vc_single_image image=\u00a0\u00bb15415&Prime; img_size=\u00a0\u00bbfull\u00a0\u00bb qode_css_animation=\u00a0\u00bb\u00a0\u00bb][\/qode_elements_holder_item][\/qode_elements_holder][\/vc_column][vc_column offset=\u00a0\u00bbvc_col-lg-offset-0 vc_col-lg-7 vc_col-md-offset-0 vc_col-md-7 vc_col-sm-offset-0 vc_col-xs-12&Prime;][qode_elements_holder number_of_columns=\u00a0\u00bbone_column\u00a0\u00bb][qode_elements_holder_item advanced_animations=\u00a0\u00bbno\u00a0\u00bb item_padding=\u00a0\u00bb11px 26% 0 44px\u00a0\u00bb item_padding_768_1024=\u00a0\u00bb0px 16% 0 44px\u00a0\u00bb item_padding_600_768=\u00a0\u00bb0px 3% 0 0px\u00a0\u00bb item_padding_480=\u00a0\u00bb11px 0% 0 0px\u00a0\u00bb][vc_column_text][\/vc_column_text][vc_column_text]Le geste de la pianiste est aussi \u00e9l\u00e9gant que l\u2019instrument et que les m\u00e9lodies qui s\u2019en \u00e9chappent. La magie du piano qui chante sous les gestes pr\u00e9cis et savants d\u2019Ester Pineda envo\u00fbte toute la salle qui ne veut plus sortir de sa r\u00eaverie. La musique commence l\u00e0 o\u00f9 s\u2019arr\u00eate le pouvoir des mots \u00bb disait Wagner. Ester Pineda et son piano semble \u00eatre l\u2019illustration parfaite de cette citation. Un moment simplement beau.<\/p>\n<p>&nbsp;<\/p>\n<h4><strong>Vosges Matin<\/strong><\/h4>\n<p>[\/vc_column_text][vc_empty_space height=\u00a0\u00bb37px\u00a0\u00bb][\/qode_elements_holder_item][\/qode_elements_holder][\/vc_column][\/vc_row][vc_row css_animation=\u00a0\u00bb\u00a0\u00bb row_type=\u00a0\u00bbrow\u00a0\u00bb use_row_as_full_screen_section=\u00a0\u00bbno\u00a0\u00bb type=\u00a0\u00bbgrid\u00a0\u00bb angled_section=\u00a0\u00bbno\u00a0\u00bb text_align=\u00a0\u00bbleft\u00a0\u00bb background_image_as_pattern=\u00a0\u00bbwithout_pattern\u00a0\u00bb z_index=\u00a0\u00bb\u00a0\u00bb css=\u00a0\u00bb.vc_custom_1522333247578{padding-bottom: 130px !important;}\u00a0\u00bb][vc_column offset=\u00a0\u00bbvc_col-lg-offset-0 vc_col-lg-7 vc_col-md-offset-0 vc_col-md-7 vc_col-sm-offset-0 vc_col-xs-12&Prime;][qode_elements_holder number_of_columns=\u00a0\u00bbone_column\u00a0\u00bb][qode_elements_holder_item advanced_animations=\u00a0\u00bbno\u00a0\u00bb item_padding=\u00a0\u00bb11px 2% 0 224px\u00a0\u00bb item_padding_768_1024=\u00a0\u00bb0px 6% 0 97px\u00a0\u00bb item_padding_600_768=\u00a0\u00bb0px 3% 0 0px\u00a0\u00bb item_padding_480=\u00a0\u00bb0px 0% 50px 0px\u00a0\u00bb][vc_column_text][\/vc_column_text][vc_column_text]<\/p>\n<h4>(\u2026) \u201cM\u00eame si, exception faite d&rsquo;Alicia de Larrocha, on voit peu de pianistes espagnols sur les sc\u00e8nes internationales, il existe une belle \u00e9cole, tr\u00e8s proche de la France, qui a produit de grands virtuoses, parmi lesquels, aujourd&rsquo;hui, Maria Luisa Cantos, Ester Pineda, Josep Colom, Joaquin Ach\u00facarro et bien d&rsquo;autres.\u201d<\/h4>\n<p>&nbsp;<\/p>\n<h4><strong>Piano 10 &#8211; Num\u00e9ro hors s\u00e9rie de La Lettre du Musicien<\/strong><\/h4>\n<p>[\/vc_column_text][vc_empty_space height=\u00a0\u00bb37px\u00a0\u00bb][\/qode_elements_holder_item][\/qode_elements_holder][\/vc_column][vc_column offset=\u00a0\u00bbvc_col-lg-offset-0 vc_col-lg-5 vc_col-md-offset-0 vc_col-md-5 vc_col-sm-offset-0 vc_col-xs-12&Prime;][qode_elements_holder number_of_columns=\u00a0\u00bbone_column\u00a0\u00bb][qode_elements_holder_item advanced_animations=\u00a0\u00bbno\u00a0\u00bb item_padding=\u00a0\u00bb0 43% 0 0%\u00a0\u00bb item_padding_768_1024=\u00a0\u00bb0 23% 0 0%\u00a0\u00bb item_padding_600_768=\u00a0\u00bb60px 0% 0 0%\u00a0\u00bb item_padding_480=\u00a0\u00bb0px 0% 0 0%\u00a0\u00bb][vc_single_image image=\u00a0\u00bb15413&Prime; img_size=\u00a0\u00bbfull\u00a0\u00bb qode_css_animation=\u00a0\u00bb\u00a0\u00bb][\/qode_elements_holder_item][\/qode_elements_holder][\/vc_column][\/vc_row][vc_row css_animation=\u00a0\u00bb\u00a0\u00bb row_type=\u00a0\u00bbrow\u00a0\u00bb use_row_as_full_screen_section=\u00a0\u00bbno\u00a0\u00bb type=\u00a0\u00bbgrid\u00a0\u00bb angled_section=\u00a0\u00bbno\u00a0\u00bb text_align=\u00a0\u00bbleft\u00a0\u00bb background_image_as_pattern=\u00a0\u00bbwithout_pattern\u00a0\u00bb z_index=\u00a0\u00bb\u00a0\u00bb css=\u00a0\u00bb.vc_custom_1522333005929{padding-bottom: 100px !important;}\u00a0\u00bb][vc_column offset=\u00a0\u00bbvc_col-lg-offset-0 vc_col-lg-5 vc_col-md-offset-0 vc_col-md-5 vc_col-sm-offset-0 vc_col-xs-12&Prime;][qode_elements_holder number_of_columns=\u00a0\u00bbone_column\u00a0\u00bb][qode_elements_holder_item advanced_animations=\u00a0\u00bbno\u00a0\u00bb item_padding=\u00a0\u00bb0 0% 0 43%\u00a0\u00bb item_padding_768_1024=\u00a0\u00bb0 0% 0px 25%\u00a0\u00bb item_padding_600_768=\u00a0\u00bb0 0% 60px 0%\u00a0\u00bb item_padding_480=\u00a0\u00bb0px 0% 0 0%\u00a0\u00bb][vc_single_image image=\u00a0\u00bb15417&Prime; img_size=\u00a0\u00bbfull\u00a0\u00bb qode_css_animation=\u00a0\u00bb\u00a0\u00bb][\/qode_elements_holder_item][\/qode_elements_holder][\/vc_column][vc_column offset=\u00a0\u00bbvc_col-lg-offset-0 vc_col-lg-7 vc_col-md-offset-0 vc_col-md-7 vc_col-sm-offset-0 vc_col-xs-12&Prime;][qode_elements_holder number_of_columns=\u00a0\u00bbone_column\u00a0\u00bb][qode_elements_holder_item advanced_animations=\u00a0\u00bbno\u00a0\u00bb item_padding=\u00a0\u00bb11px 26% 0 44px\u00a0\u00bb item_padding_768_1024=\u00a0\u00bb0px 16% 0 44px\u00a0\u00bb item_padding_600_768=\u00a0\u00bb0px 3% 0 0px\u00a0\u00bb item_padding_480=\u00a0\u00bb50px 0% 0 0px\u00a0\u00bb][vc_column_text](\u2026) \u201cElle a du caract\u00e8re et de la sensibilit\u00e9. Et un jeu onctueux qui est celui des grands pianistes. Les Nuits dans les Jardins d&rsquo;Espagne que chanta De Falla ne valaient pas, ce soir-l\u00e0, la nuit dans les beaux jardins d&rsquo;Ephrussi enrichie par les sons du piano d&rsquo;Ester.\u00a0\u00bb<\/p>\n<p>&nbsp;<\/p>\n<h4><strong>Andr\u00e9 Pereygne &#8211; Nice Matin<\/strong><\/h4>\n<p>[\/vc_column_text][vc_empty_space height=\u00a0\u00bb37px\u00a0\u00bb][\/qode_elements_holder_item][\/qode_elements_holder][\/vc_column][\/vc_row][vc_row css_animation=\u00a0\u00bb\u00a0\u00bb row_type=\u00a0\u00bbrow\u00a0\u00bb use_row_as_full_screen_section=\u00a0\u00bbno\u00a0\u00bb type=\u00a0\u00bbgrid\u00a0\u00bb angled_section=\u00a0\u00bbno\u00a0\u00bb text_align=\u00a0\u00bbleft\u00a0\u00bb background_image_as_pattern=\u00a0\u00bbwithout_pattern\u00a0\u00bb z_index=\u00a0\u00bb\u00a0\u00bb css=\u00a0\u00bb.vc_custom_1522332996034{padding-bottom: 100px !important;}\u00a0\u00bb][vc_column offset=\u00a0\u00bbvc_col-lg-offset-0 vc_col-lg-7 vc_col-md-offset-0 vc_col-md-7 vc_col-sm-offset-0 vc_col-xs-12&Prime;][qode_elements_holder number_of_columns=\u00a0\u00bbone_column\u00a0\u00bb][qode_elements_holder_item advanced_animations=\u00a0\u00bbno\u00a0\u00bb item_padding=\u00a0\u00bb11px 2% 0 224px\u00a0\u00bb item_padding_768_1024=\u00a0\u00bb0px 6% 0 97px\u00a0\u00bb item_padding_600_768=\u00a0\u00bb0px 3% 0 0px\u00a0\u00bb item_padding_480=\u00a0\u00bb0px 0% 0 0px\u00a0\u00bb][vc_column_text](\u2026) \u201cEster Pineda, d\u00e8s les premi\u00e8res notes, sait s&rsquo;attacher un public conquis par la finesse de son interpr\u00e9tation et la ma\u00eetrise de son jeu.\u201d<\/p>\n<p>&nbsp;<\/p>\n<h4><strong>Jean Liscot &#8211; Le Dauphin\u00e9<\/strong><\/h4>\n<p>[\/vc_column_text][vc_empty_space height=\u00a0\u00bb37px\u00a0\u00bb][\/qode_elements_holder_item][\/qode_elements_holder][\/vc_column][vc_column offset=\u00a0\u00bbvc_col-lg-offset-0 vc_col-lg-5 vc_col-md-offset-0 vc_col-md-5 vc_col-sm-offset-0 vc_col-xs-12&Prime;][qode_elements_holder number_of_columns=\u00a0\u00bbone_column\u00a0\u00bb][qode_elements_holder_item advanced_animations=\u00a0\u00bbno\u00a0\u00bb item_padding=\u00a0\u00bb0 43% 0 0%\u00a0\u00bb item_padding_768_1024=\u00a0\u00bb0px 25% 0 0px\u00a0\u00bb item_padding_600_768=\u00a0\u00bb60px 0% 0 0px\u00a0\u00bb item_padding_480=\u00a0\u00bb50px 0% 0 0%\u00a0\u00bb][vc_single_image image=\u00a0\u00bb15411&Prime; img_size=\u00a0\u00bbfull\u00a0\u00bb qode_css_animation=\u00a0\u00bb\u00a0\u00bb][\/qode_elements_holder_item][\/qode_elements_holder][\/vc_column][vc_column][\/vc_column][\/vc_row]<\/p>\n","protected":false},"excerpt":{"rendered":"<p>[vc_row css_animation=\u00a0\u00bb\u00a0\u00bb row_type=\u00a0\u00bbrow\u00a0\u00bb use_row_as_full_screen_section=\u00a0\u00bbno\u00a0\u00bb type=\u00a0\u00bbgrid\u00a0\u00bb angled_section=\u00a0\u00bbno\u00a0\u00bb text_align=\u00a0\u00bbleft\u00a0\u00bb background_image_as_pattern=\u00a0\u00bbwithout_pattern\u00a0\u00bb z_index=\u00a0\u00bb\u00a0\u00bb css=\u00a0\u00bb.vc_custom_1522333247578{padding-bottom: 130px !important;}\u00a0\u00bb][vc_column offset=\u00a0\u00bbvc_col-lg-offset-0 vc_col-lg-7 vc_col-md-offset-0 vc_col-md-7 vc_col-sm-offset-0 vc_col-xs-12&Prime;][qode_elements_holder number_of_columns=\u00a0\u00bbone_column\u00a0\u00bb][qode_elements_holder_item advanced_animations=\u00a0\u00bbno\u00a0\u00bb item_padding=\u00a0\u00bb11px 2% 0 224px\u00a0\u00bb item_padding_768_1024=\u00a0\u00bb0px 6% 0 97px\u00a0\u00bb item_padding_600_768=\u00a0\u00bb0px 3% 0 0px\u00a0\u00bb item_padding_480=\u00a0\u00bb0px 0% 50px 0px\u00a0\u00bb][vc_column_text][\/vc_column_text][vc_empty_space height=\u00a0\u00bb60px\u00a0\u00bb][vc_column_text]\u00a0\u00bbLa vitalit\u00e9 rythmique des Danses et la tendres dissonances&#8230;<\/p>\n","protected":false},"author":3,"featured_media":0,"parent":0,"menu_order":0,"comment_status":"closed","ping_status":"closed","template":"full_width.php","meta":[],"_links":{"self":[{"href":"https:\/\/www.esterpineda.com\/index.php\/wp-json\/wp\/v2\/pages\/15338"}],"collection":[{"href":"https:\/\/www.esterpineda.com\/index.php\/wp-json\/wp\/v2\/pages"}],"about":[{"href":"https:\/\/www.esterpineda.com\/index.php\/wp-json\/wp\/v2\/types\/page"}],"author":[{"embeddable":true,"href":"https:\/\/www.esterpineda.com\/index.php\/wp-json\/wp\/v2\/users\/3"}],"replies":[{"embeddable":true,"href":"https:\/\/www.esterpineda.com\/index.php\/wp-json\/wp\/v2\/comments?post=15338"}],"version-history":[{"count":20,"href":"https:\/\/www.esterpineda.com\/index.php\/wp-json\/wp\/v2\/pages\/15338\/revisions"}],"predecessor-version":[{"id":16845,"href":"https:\/\/www.esterpineda.com\/index.php\/wp-json\/wp\/v2\/pages\/15338\/revisions\/16845"}],"wp:attachment":[{"href":"https:\/\/www.esterpineda.com\/index.php\/wp-json\/wp\/v2\/media?parent=15338"}],"curies":[{"name":"wp","href":"https:\/\/api.w.org\/{rel}","templated":true}]}}