{"id":15760,"date":"2020-06-04T17:05:31","date_gmt":"2020-06-04T15:05:31","guid":{"rendered":"https:\/\/www.esterpineda.com\/?page_id=15760"},"modified":"2025-11-11T15:10:33","modified_gmt":"2025-11-11T14:10:33","slug":"accueil","status":"publish","type":"page","link":"https:\/\/www.esterpineda.com\/index.php\/accueil\/?lang=ca","title":{"rendered":"Inici"},"content":{"rendered":"<p>[vc_row css_animation=\u00a0\u00bb\u00a0\u00bb row_type=\u00a0\u00bbrow\u00a0\u00bb use_row_as_full_screen_section=\u00a0\u00bbno\u00a0\u00bb type=\u00a0\u00bbfull_width\u00a0\u00bb angled_section=\u00a0\u00bbno\u00a0\u00bb text_align=\u00a0\u00bbleft\u00a0\u00bb background_image_as_pattern=\u00a0\u00bbwithout_pattern\u00a0\u00bb z_index=\u00a0\u00bb\u00a0\u00bb][vc_column][rev_slider_vc alias=\u00a0\u00bben-2025-ester-pineda-1&Prime;][vc_empty_space height=\u00a0\u00bb32&Prime;][\/vc_column][\/vc_row][vc_row css_animation=\u00a0\u00bb\u00a0\u00bb row_type=\u00a0\u00bbrow\u00a0\u00bb use_row_as_full_screen_section=\u00a0\u00bbno\u00a0\u00bb type=\u00a0\u00bbfull_width\u00a0\u00bb angled_section=\u00a0\u00bbno\u00a0\u00bb text_align=\u00a0\u00bbleft\u00a0\u00bb background_image_as_pattern=\u00a0\u00bbwithout_pattern\u00a0\u00bb z_index=\u00a0\u00bb\u00a0\u00bb][vc_column offset=\u00a0\u00bbvc_hidden-lg vc_hidden-md vc_hidden-sm\u00a0\u00bb][qode_elements_holder number_of_columns=\u00a0\u00bbone_column\u00a0\u00bb][qode_elements_holder_item horizontal_alignment=\u00a0\u00bbcenter\u00a0\u00bb advanced_animations=\u00a0\u00bbno\u00a0\u00bb item_padding=\u00a0\u00bb0 4% 0px 7%\u00a0\u00bb][vc_column_text]<\/p>\n<h2 style=\"text-align: center;\">NOU ALBUM 2025<\/h2>\n<p>[\/vc_column_text][vc_empty_space height=\u00a0\u00bb32&Prime;][vc_single_image image=\u00a0\u00bb17287&Prime; img_size=\u00a0\u00bbfull\u00a0\u00bb qode_css_animation=\u00a0\u00bb\u00a0\u00bb][vc_empty_space height=\u00a0\u00bb32&Prime;]<a  itemprop=\"url\" href=\"https:\/\/www.amazon.fr\/R\u00e9sonances-Narcis-Bonet-Federico-Mompou\/dp\/B08QVGC66P\/ref=sr_1_1?__mk_fr_FR=\u00c5M\u00c5\u017d\u00d5\u00d1&amp;dchild=1&amp;keywords=R\u00e9sonances+ester+Pineda&amp;qid=1611067200&amp;s=books&amp;sr=1-1\" target=\"_self\"  class=\"qbutton  default\" style=\"\">LISTEN &amp; BUY<\/a>[vc_empty_space height=\u00a0\u00bb20&Prime;][\/qode_elements_holder_item][\/qode_elements_holder][\/vc_column][\/vc_row][vc_row css_animation=\u00a0\u00bb\u00a0\u00bb row_type=\u00a0\u00bbrow\u00a0\u00bb use_row_as_full_screen_section=\u00a0\u00bbno\u00a0\u00bb type=\u00a0\u00bbfull_width\u00a0\u00bb angled_section=\u00a0\u00bbno\u00a0\u00bb text_align=\u00a0\u00bbleft\u00a0\u00bb background_image_as_pattern=\u00a0\u00bbwithout_pattern\u00a0\u00bb z_index=\u00a0\u00bb\u00a0\u00bb][vc_column width=\u00a0\u00bb1\/6&Prime;][\/vc_column][vc_column width=\u00a0\u00bb2\/3&Prime;][qode_elements_holder number_of_columns=\u00a0\u00bbone_column\u00a0\u00bb][qode_elements_holder_item advanced_animations=\u00a0\u00bbno\u00a0\u00bb item_padding=\u00a0\u00bb0 4% 0px 7%\u00a0\u00bb]<div class=\"qode_video_box\">\n\t<a itemprop=\"image\" class=\"qode_video_image\" href=\"https:\/\/www.youtube.com\/watch?v=4VjTeadVUcw\" data-rel=\"prettyPhoto\">\n\t\t\t\n\t\t\t<img src=\"https:\/\/www.esterpineda.com\/wp-content\/uploads\/2025\/07\/Miniature-vide\u0301o-pre\u0301sentation-CD.jpeg\" \/>\n\t\t\t<span class=\"qode_video_box_button_holder\">\n\t\t\t\t<span class=\"qode_video_box_button\">\n\t\t\t\t\t<span class=\"qode_video_box_button_arrow\">\n\t\t\t\t\t<\/span>\n\t\t\t\t<\/span>\n\t\t\t<\/span>\n\t\t\t<\/a>\n<\/div>[vc_empty_space][vc_column_text]<\/p>\n<h2 style=\"text-align: center;\">Nou disc<em> \u00c9VOCATIONS IB\u00c9RIQUES<\/em><\/h2>\n<p>[\/vc_column_text][vc_empty_space][vc_column_text]<\/p>\n<p style=\"text-align: center;\"><em>\u00ab\u00a0Tota elecci\u00f3 \u00e9s, per ess\u00e8ncia, arbitr\u00e0ria, i l&rsquo;elecci\u00f3 de les obres que integren aquest disc, no \u00e9s una excepci\u00f3. Comporta inevitablement deixar a l\u2019ombra compositors i obres que mereixerien igualment figurar en aquest enregistrament. Tanmateix, aquesta elecci\u00f3 s\u2019ha imposat de una manera natural, guiada d\u2019una banda pel meu desig de donar a con\u00e8ixer peces poc enregistrades, i de l\u2019altra, per una sensibilitat \u00edntima, aquella que dona forma a un programa com es construeix el d&rsquo;un recital.\u00a0\u00bb <\/em>(Ester Pineda)<\/p>\n<p>[\/vc_column_text][vc_empty_space height=\u00a0\u00bb32&Prime;][vc_column_text]<\/p>\n<p style=\"text-align: center;\"><iframe style=\"border-radius: 12px;\" src=\"https:\/\/open.spotify.com\/embed\/album\/5g5WFa19EKo9bctA4DsRew?utm_source=generator\" width=\"100%\" height=\"352\" frameborder=\"0\" allowfullscreen=\"allowfullscreen\" data-testid=\"embed-iframe\"><\/iframe><\/p>\n<p>[\/vc_column_text][vc_empty_space height=\u00a0\u00bb32&Prime;]<a  itemprop=\"url\" href=\"https:\/\/www.amazon.com\/dp\/B0FXHJ7S14?crid=1EKDC9Y9QNUCR&amp;dib=eyJ2IjoiMSJ9.bHdS8Um2BwHufZ5ZqpxltxBEOT6jVq5RkEj9CliGKhk.OEm-i4bgbXM3pbCimpBGo28tEnCPkW2NMgpPR71R2vw&amp;dib_tag=se&amp;keywords=%C3%A9vocations+ib%C3%A9riques&amp;qid=1762868908&amp;s=music&amp;sprefix=%C3%A9vocations+ib%C3%A9riques%2Cmusic-intl-ship%2C139&amp;sr=1-1\" target=\"_blank\" data-hover-background-color='#333333' data-hover-border-color='#333333' data-hover-color='#ffffff' class=\"qbutton  big_large_full_width default\" style=\"\">COMPRAR L'\u00c0LBUM (MP3)<\/a>[vc_empty_space height=\u00a0\u00bb32&Prime;]<a  itemprop=\"url\" href=\"https:\/\/www.esterpineda.com\/index.php\/discography-2-3\/?lang=ca\" target=\"_blank\" data-hover-background-color='#333333' data-hover-border-color='#333333' data-hover-color='#ffffff' class=\"qbutton  big_large_full_width default\" style=\"\">COMPRAR EL DISC SIGNAT i DEDICAT (VINIL o CD)<\/a>[vc_empty_space height=\u00a0\u00bb32&Prime;][\/qode_elements_holder_item][\/qode_elements_holder][\/vc_column][vc_column width=\u00a0\u00bb1\/6&Prime;][\/vc_column][\/vc_row][vc_row css_animation=\u00a0\u00bb\u00a0\u00bb row_type=\u00a0\u00bbrow\u00a0\u00bb use_row_as_full_screen_section=\u00a0\u00bbno\u00a0\u00bb type=\u00a0\u00bbgrid\u00a0\u00bb angled_section=\u00a0\u00bbno\u00a0\u00bb text_align=\u00a0\u00bbleft\u00a0\u00bb background_image_as_pattern=\u00a0\u00bbwithout_pattern\u00a0\u00bb z_index=\u00a0\u00bb\u00a0\u00bb][vc_column offset=\u00a0\u00bbvc_col-lg-offset-0 vc_col-lg-6 vc_col-md-offset-0 vc_col-md-12 vc_col-xs-12&Prime;][qode_elements_holder number_of_columns=\u00a0\u00bbone_column\u00a0\u00bb][qode_elements_holder_item vertical_alignment=\u00a0\u00bbmiddle\u00a0\u00bb horizontal_alignment=\u00a0\u00bbcenter\u00a0\u00bb advanced_animations=\u00a0\u00bbno\u00a0\u00bb item_padding=\u00a0\u00bb0 13% 0 26%\u00a0\u00bb item_padding_768_1024=\u00a0\u00bb0 15% 0 16%\u00a0\u00bb item_padding_600_768=\u00a0\u00bb0 1% 0 1%\u00a0\u00bb item_padding_480_600=\u00a0\u00bb0 0 0 0&Prime; item_padding_480=\u00a0\u00bb0 0 0 0&Prime;][vc_single_image image=\u00a0\u00bb2886&Prime; img_size=\u00a0\u00bbfull\u00a0\u00bb qode_css_animation=\u00a0\u00bb\u00a0\u00bb][\/qode_elements_holder_item][\/qode_elements_holder][\/vc_column][vc_column offset=\u00a0\u00bbvc_col-lg-offset-0 vc_col-lg-6 vc_col-md-offset-0 vc_col-md-12 vc_col-sm-offset-0 vc_col-xs-12&Prime;][qode_elements_holder number_of_columns=\u00a0\u00bbone_column\u00a0\u00bb][qode_elements_holder_item vertical_alignment=\u00a0\u00bbmiddle\u00a0\u00bb horizontal_alignment=\u00a0\u00bbcenter\u00a0\u00bb advanced_animations=\u00a0\u00bbno\u00a0\u00bb item_padding=\u00a0\u00bb21px 205px 0 0px\u00a0\u00bb item_padding_1280_1440=\u00a0\u00bb0px 134px 0 0px\u00a0\u00bb item_padding_768_1024=\u00a0\u00bb60px 172px 0 172px\u00a0\u00bb item_padding_600_768=\u00a0\u00bb60px 2px 0 2px\u00a0\u00bb item_padding_480_600=\u00a0\u00bb21px 15px 0 0px\u00a0\u00bb item_padding_480=\u00a0\u00bb21px 15px 0 0px\u00a0\u00bb][vc_column_text][\/vc_column_text][vc_column_text]<\/p>\n<p style=\"text-align: left;\"><span class=\"a_GcMg font-feature-liga-off font-feature-clig-off font-feature-calt-off text-decoration-none text-strikethrough-none\">Nascuda a Sabadell, Ester Pineda destaca per primera vegada a nivell internacional en ser seleccionada per representar el seu pa\u00eds a la 15a Confer\u00e8ncia General de l\u2019UNESCO. Des d&rsquo;aleshores ha actuat amb regularitat a <\/span>prestigioses sales d&rsquo;Espanya (Fundaci\u00f3 March, Festival Internacional de Torroella de Montgr\u00ed, etc.), de Fran\u00e7a (Th\u00e9\u00e2tre du Ch\u00e2telet, Invalides, Festival Chopin, Festival d&rsquo;Hivern del Ch\u00e2teau du Grand Jardin, Festival d&rsquo;Annecy, Aix-les-Bains, Chamb\u00e9ry, Nice, etc.), d&rsquo;Anglaterra (Wigmore Hall)&#8230;<\/p>\n<p>&nbsp;<\/p>\n<p>[\/vc_column_text][vc_empty_space height=\u00a0\u00bb50px\u00a0\u00bb]<a  itemprop=\"url\" href=\"https:\/\/www.esterpineda.com\/index.php\/biographie-2-4\/?lang=ca\" target=\"_self\" data-hover-background-color='#333333' data-hover-border-color='#333333' data-hover-color='#ffffff' class=\"qbutton  large default\" style=\"\">BIOGRAFIA (cont.)<\/a>[\/qode_elements_holder_item][\/qode_elements_holder][\/vc_column][\/vc_row][vc_row css_animation=\u00a0\u00bb\u00a0\u00bb row_type=\u00a0\u00bbrow\u00a0\u00bb use_row_as_full_screen_section=\u00a0\u00bbno\u00a0\u00bb type=\u00a0\u00bbgrid\u00a0\u00bb angled_section=\u00a0\u00bbno\u00a0\u00bb text_align=\u00a0\u00bbleft\u00a0\u00bb background_image_as_pattern=\u00a0\u00bbwithout_pattern\u00a0\u00bb css=\u00a0\u00bb.vc_custom_1611769230208{padding-top: 90px !important;padding-bottom: 50px !important;background-image: url(https:\/\/bridge206.qodeinteractive.com\/wp-content\/uploads\/2018\/03\/background-h1.jpg?id=51) !important;}\u00a0\u00bb z_index=\u00a0\u00bb\u00a0\u00bb][vc_column offset=\u00a0\u00bbvc_col-lg-offset-0 vc_col-lg-6 vc_col-md-offset-0 vc_col-md-12 vc_col-sm-offset-0 vc_col-xs-12&Prime;][qode_elements_holder number_of_columns=\u00a0\u00bbone_column\u00a0\u00bb][qode_elements_holder_item vertical_alignment=\u00a0\u00bbmiddle\u00a0\u00bb horizontal_alignment=\u00a0\u00bbcenter\u00a0\u00bb advanced_animations=\u00a0\u00bbno\u00a0\u00bb item_padding=\u00a0\u00bb38px 0 0 158px\u00a0\u00bb item_padding_1024_1280=\u00a0\u00bb15px 0 0 148px\u00a0\u00bb item_padding_768_1024=\u00a0\u00bb0px 133px 100px 133px\u00a0\u00bb item_padding_600_768=\u00a0\u00bb0px 33px 100px 33px\u00a0\u00bb item_padding_480_600=\u00a0\u00bb38px 0 70px 0px\u00a0\u00bb item_padding_480=\u00a0\u00bb38px 0 70px 0px\u00a0\u00bb][vc_column_text]<\/p>\n<h1>PREMSA<\/h1>\n<p>[\/vc_column_text][vc_column_text]<\/p>\n<p style=\"text-align: center;\"><em>El virtuosisme que emana d&rsquo;Ester Pineda en escena est\u00e0 completament lligat a la profunditat del seu discurs musical. Des de les primeres notes sap guanyar-se un p\u00fablic captivat per la sensibilitat de les seves interpretacions i per l&rsquo; excepcional qualitat de so que defineix els grans pianistes.<\/em> (Andr\u00e9 Pereygne &#8211; Nice Matin)<\/p>\n<p>[\/vc_column_text][vc_empty_space height=\u00a0\u00bb25px\u00a0\u00bb][vc_column_text]<\/p>\n<h3>&#8211; ANDR\u00c9 PEREYGNE (Nice Matin)<\/h3>\n<p>[\/vc_column_text][\/qode_elements_holder_item][\/qode_elements_holder][\/vc_column][vc_column offset=\u00a0\u00bbvc_col-lg-offset-0 vc_col-lg-6 vc_col-md-offset-0 vc_col-md-12 vc_col-xs-12&Prime;][qode_elements_holder number_of_columns=\u00a0\u00bbone_column\u00a0\u00bb][qode_elements_holder_item vertical_alignment=\u00a0\u00bbmiddle\u00a0\u00bb horizontal_alignment=\u00a0\u00bbcenter\u00a0\u00bb advanced_animations=\u00a0\u00bbno\u00a0\u00bb item_padding=\u00a0\u00bb0 30% 0 4%\u00a0\u00bb item_padding_768_1024=\u00a0\u00bb0 12% 0 4%\u00a0\u00bb item_padding_600_768=\u00a0\u00bb0 8% 0 0%\u00a0\u00bb item_padding_480_600=\u00a0\u00bb0 5% 0 0%\u00a0\u00bb item_padding_480=\u00a0\u00bb0 5% 0 0%\u00a0\u00bb][vc_single_image image=\u00a0\u00bb2879&Prime; img_size=\u00a0\u00bbfull\u00a0\u00bb qode_css_animation=\u00a0\u00bb\u00a0\u00bb][\/qode_elements_holder_item][\/qode_elements_holder][\/vc_column][\/vc_row][vc_row css_animation=\u00a0\u00bb\u00a0\u00bb row_type=\u00a0\u00bbrow\u00a0\u00bb use_row_as_full_screen_section=\u00a0\u00bbno\u00a0\u00bb type=\u00a0\u00bbfull_width\u00a0\u00bb angled_section=\u00a0\u00bbno\u00a0\u00bb text_align=\u00a0\u00bbleft\u00a0\u00bb background_image_as_pattern=\u00a0\u00bbwithout_pattern\u00a0\u00bb z_index=\u00a0\u00bb\u00a0\u00bb][vc_column width=\u00a0\u00bb1\/6&Prime;][\/vc_column][vc_column width=\u00a0\u00bb2\/3&Prime;][qode_elements_holder number_of_columns=\u00a0\u00bbone_column\u00a0\u00bb][qode_elements_holder_item advanced_animations=\u00a0\u00bbno\u00a0\u00bb item_padding=\u00a0\u00bb0 4% 0px 7%\u00a0\u00bb]<div class=\"qode_video_box\">\n\t<a itemprop=\"image\" class=\"qode_video_image\" href=\"https:\/\/www.youtube.com\/watch?v=N5Gz01ySrtA\" data-rel=\"prettyPhoto\">\n\t\t\t\n\t\t\t<img src=\"https:\/\/www.esterpineda.com\/wp-content\/uploads\/2020\/03\/mains-verso-copie-scaled.jpg\" \/>\n\t\t\t<span class=\"qode_video_box_button_holder\">\n\t\t\t\t<span class=\"qode_video_box_button\">\n\t\t\t\t\t<span class=\"qode_video_box_button_arrow\">\n\t\t\t\t\t<\/span>\n\t\t\t\t<\/span>\n\t\t\t<\/span>\n\t\t\t<\/a>\n<\/div>[vc_empty_space height=\u00a0\u00bb50px\u00a0\u00bb][\/qode_elements_holder_item][\/qode_elements_holder][\/vc_column][vc_column width=\u00a0\u00bb1\/6&Prime;][\/vc_column][\/vc_row]<\/p>\n","protected":false},"excerpt":{"rendered":"<p>[vc_row css_animation=\u00a0\u00bb\u00a0\u00bb row_type=\u00a0\u00bbrow\u00a0\u00bb use_row_as_full_screen_section=\u00a0\u00bbno\u00a0\u00bb type=\u00a0\u00bbfull_width\u00a0\u00bb angled_section=\u00a0\u00bbno\u00a0\u00bb text_align=\u00a0\u00bbleft\u00a0\u00bb background_image_as_pattern=\u00a0\u00bbwithout_pattern\u00a0\u00bb z_index=\u00a0\u00bb\u00a0\u00bb][vc_column][rev_slider_vc alias=\u00a0\u00bben-2025-ester-pineda-1&Prime;][vc_empty_space height=\u00a0\u00bb32&Prime;][\/vc_column][\/vc_row][vc_row css_animation=\u00a0\u00bb\u00a0\u00bb row_type=\u00a0\u00bbrow\u00a0\u00bb use_row_as_full_screen_section=\u00a0\u00bbno\u00a0\u00bb type=\u00a0\u00bbfull_width\u00a0\u00bb angled_section=\u00a0\u00bbno\u00a0\u00bb text_align=\u00a0\u00bbleft\u00a0\u00bb background_image_as_pattern=\u00a0\u00bbwithout_pattern\u00a0\u00bb z_index=\u00a0\u00bb\u00a0\u00bb][vc_column offset=\u00a0\u00bbvc_hidden-lg vc_hidden-md vc_hidden-sm\u00a0\u00bb][qode_elements_holder number_of_columns=\u00a0\u00bbone_column\u00a0\u00bb][qode_elements_holder_item horizontal_alignment=\u00a0\u00bbcenter\u00a0\u00bb advanced_animations=\u00a0\u00bbno\u00a0\u00bb item_padding=\u00a0\u00bb0 4% 0px 7%\u00a0\u00bb][vc_column_text] NOU ALBUM 2025 [\/vc_column_text][vc_empty_space height=\u00a0\u00bb32&Prime;][vc_single_image image=\u00a0\u00bb17287&Prime; img_size=\u00a0\u00bbfull\u00a0\u00bb qode_css_animation=\u00a0\u00bb\u00a0\u00bb][vc_empty_space height=\u00a0\u00bb32&Prime;][vc_empty_space height=\u00a0\u00bb20&Prime;][\/qode_elements_holder_item][\/qode_elements_holder][\/vc_column][\/vc_row][vc_row css_animation=\u00a0\u00bb\u00a0\u00bb row_type=\u00a0\u00bbrow\u00a0\u00bb use_row_as_full_screen_section=\u00a0\u00bbno\u00a0\u00bb type=\u00a0\u00bbfull_width\u00a0\u00bb angled_section=\u00a0\u00bbno\u00a0\u00bb text_align=\u00a0\u00bbleft\u00a0\u00bb&#8230;<\/p>\n","protected":false},"author":2,"featured_media":0,"parent":0,"menu_order":0,"comment_status":"closed","ping_status":"closed","template":"","meta":[],"_links":{"self":[{"href":"https:\/\/www.esterpineda.com\/index.php\/wp-json\/wp\/v2\/pages\/15760"}],"collection":[{"href":"https:\/\/www.esterpineda.com\/index.php\/wp-json\/wp\/v2\/pages"}],"about":[{"href":"https:\/\/www.esterpineda.com\/index.php\/wp-json\/wp\/v2\/types\/page"}],"author":[{"embeddable":true,"href":"https:\/\/www.esterpineda.com\/index.php\/wp-json\/wp\/v2\/users\/2"}],"replies":[{"embeddable":true,"href":"https:\/\/www.esterpineda.com\/index.php\/wp-json\/wp\/v2\/comments?post=15760"}],"version-history":[{"count":40,"href":"https:\/\/www.esterpineda.com\/index.php\/wp-json\/wp\/v2\/pages\/15760\/revisions"}],"predecessor-version":[{"id":18065,"href":"https:\/\/www.esterpineda.com\/index.php\/wp-json\/wp\/v2\/pages\/15760\/revisions\/18065"}],"wp:attachment":[{"href":"https:\/\/www.esterpineda.com\/index.php\/wp-json\/wp\/v2\/media?parent=15760"}],"curies":[{"name":"wp","href":"https:\/\/api.w.org\/{rel}","templated":true}]}}