{"id":15771,"date":"2020-06-04T18:29:58","date_gmt":"2020-06-04T16:29:58","guid":{"rendered":"https:\/\/www.esterpineda.com\/?page_id=15771"},"modified":"2025-10-29T18:33:27","modified_gmt":"2025-10-29T17:33:27","slug":"actualites","status":"publish","type":"page","link":"https:\/\/www.esterpineda.com\/index.php\/actualites\/?lang=ca","title":{"rendered":"Actualitat"},"content":{"rendered":"<p>[vc_row css_animation=\u00a0\u00bb\u00a0\u00bb row_type=\u00a0\u00bbrow\u00a0\u00bb use_row_as_full_screen_section=\u00a0\u00bbno\u00a0\u00bb type=\u00a0\u00bbfull_width\u00a0\u00bb angled_section=\u00a0\u00bbno\u00a0\u00bb text_align=\u00a0\u00bbleft\u00a0\u00bb background_image_as_pattern=\u00a0\u00bbwithout_pattern\u00a0\u00bb][vc_column]\n\t\t\t<!-- START actu REVOLUTION SLIDER 6.2.2 --><p class=\"rs-p-wp-fix\"><\/p>\n\t\t\t<rs-module-wrap id=\"rev_slider_15_1_wrapper\" data-source=\"gallery\" style=\"background:transparent;padding:0;\">\n\t\t\t\t<rs-module id=\"rev_slider_15_1\" style=\"display:none;\" data-version=\"6.2.2\">\n\t\t\t\t\t<rs-slides>\n\t\t\t\t\t\t<rs-slide data-key=\"rs-79\" data-title=\"Slide\" data-duration=\"2000ms\" data-anim=\"ei:d;eo:d;s:2ms;r:0;t:slideleft;sl:d;\">\n\t\t\t\t\t\t\t<img src=\"\/\/www.esterpineda.com\/wp-content\/plugins\/revslider\/public\/assets\/assets\/transparent.png\" title=\"Actualitat\" class=\"rev-slidebg\" data-no-retina>\n<!--\n\t\t\t\t\t\t\t--><rs-layer\n\t\t\t\t\t\t\t\tid=\"slider-15-slide-79-layer-8\" \n\t\t\t\t\t\t\t\tdata-type=\"text\"\n\t\t\t\t\t\t\t\tdata-rsp_ch=\"on\"\n\t\t\t\t\t\t\t\tdata-xy=\"x:c;y:m;yo:218px,357px,357px,357px;\"\n\t\t\t\t\t\t\t\tdata-text=\"w:normal;s:51,30,30,30;l:207,180,180,180;ls:22,20px,20px,20px;fw:300;a:center;\"\n\t\t\t\t\t\t\t\tdata-dim=\"w:1301px,640px,640px,640px;h:auto,364px,364px,364px;\"\n\t\t\t\t\t\t\t\tdata-frame_0=\"tp:600;\"\n\t\t\t\t\t\t\t\tdata-frame_1=\"tp:600;\"\n\t\t\t\t\t\t\t\tdata-frame_999=\"o:0;tp:600;st:w;sp:10580;sR:1700;\"\n\t\t\t\t\t\t\t\tstyle=\"z-index:5;font-family:Oswald;text-transform:uppercase;\"\n\t\t\t\t\t\t\t>ESTER PINEDA \n\t\t\t\t\t\t\t<\/rs-layer><!--\n\n\t\t\t\t\t\t\t--><rs-layer\n\t\t\t\t\t\t\t\tid=\"slider-15-slide-79-layer-33\" \n\t\t\t\t\t\t\t\tdata-type=\"image\"\n\t\t\t\t\t\t\t\tdata-rsp_ch=\"on\"\n\t\t\t\t\t\t\t\tdata-xy=\"xo:-223px,-188px,-188px,-188px;yo:88px,74px,74px,74px;\"\n\t\t\t\t\t\t\t\tdata-text=\"w:normal;s:20,16,16,16;l:0,21,21,21;\"\n\t\t\t\t\t\t\t\tdata-dim=\"w:1716px,1452px,1452px,1452px;h:892px,754px,754px,754px;\"\n\t\t\t\t\t\t\t\tdata-frame_999=\"o:0;st:w;sp:450;sR:1700;\"\n\t\t\t\t\t\t\t\tstyle=\"z-index:11;\"\n\t\t\t\t\t\t\t><img src=\"\/\/www.esterpineda.com\/wp-content\/uploads\/2025\/09\/Miniature-169-Vide\u0301o-2078-x-1080-px.png\" width=\"2078\" height=\"1080\" data-no-retina> \n\t\t\t\t\t\t\t<\/rs-layer><!--\n-->\t\t\t\t\t\t<\/rs-slide>\n\t\t\t\t\t<\/rs-slides>\n\t\t\t\t\t<rs-progress style=\"height: 5px; background: rgba(0,0,0,0.15);\"><\/rs-progress>\n\t\t\t\t<\/rs-module>\n\t\t\t\t<script type=\"text\/javascript\">\n\t\t\t\t\tsetREVStartSize({c: 'rev_slider_15_1',rl:[1240,1024,1024,1024],el:[900,768,768,768],gw:[1300,1100,1100,1100],gh:[900,768,768,768],type:'standard',justify:'',layout:'fullscreen',offsetContainer:'',offset:'',mh:\"0\"});\n\t\t\t\t\tvar\trevapi15,\n\t\t\t\t\t\ttpj;\n\t\t\t\t\tjQuery(function() {\n\t\t\t\t\t\ttpj = jQuery;\n\t\t\t\t\t\tif(tpj(\"#rev_slider_15_1\").revolution == undefined){\n\t\t\t\t\t\t\trevslider_showDoubleJqueryError(\"#rev_slider_15_1\");\n\t\t\t\t\t\t}else{\n\t\t\t\t\t\t\trevapi15 = tpj(\"#rev_slider_15_1\").show().revolution({\n\t\t\t\t\t\t\t\tjsFileLocation:\"\/\/www.esterpineda.com\/wp-content\/plugins\/revslider\/public\/assets\/js\/\",\n\t\t\t\t\t\t\t\tsliderLayout:\"fullscreen\",\n\t\t\t\t\t\t\t\tvisibilityLevels:\"1240,1024,1024,1024\",\n\t\t\t\t\t\t\t\tgridwidth:\"1300,1100,1100,1100\",\n\t\t\t\t\t\t\t\tgridheight:\"900,768,768,768\",\n\t\t\t\t\t\t\t\teditorheight:\"900,768,420,335\",\n\t\t\t\t\t\t\t\tresponsiveLevels:\"1240,1024,1024,1024\",\n\t\t\t\t\t\t\t\tnavigation: {\n\t\t\t\t\t\t\t\t\tonHoverStop:false\n\t\t\t\t\t\t\t\t},\n\t\t\t\t\t\t\t\tfallbacks: {\n\t\t\t\t\t\t\t\t\tallowHTML5AutoPlayOnAndroid:true\n\t\t\t\t\t\t\t\t},\n\t\t\t\t\t\t\t});\n\t\t\t\t\t\t}\n\t\t\t\t\t\t\n\t\t\t\t\t});\n\t\t\t\t<\/script>\n\t\t\t<\/rs-module-wrap>\n\t\t\t<!-- END REVOLUTION SLIDER -->\n[\/vc_column][\/vc_row][vc_row css_animation=\u00a0\u00bb\u00a0\u00bb row_type=\u00a0\u00bbrow\u00a0\u00bb use_row_as_full_screen_section=\u00a0\u00bbno\u00a0\u00bb type=\u00a0\u00bbgrid\u00a0\u00bb angled_section=\u00a0\u00bbno\u00a0\u00bb text_align=\u00a0\u00bbleft\u00a0\u00bb background_image_as_pattern=\u00a0\u00bbwithout_pattern\u00a0\u00bb z_index=\u00a0\u00bb\u00a0\u00bb][vc_column offset=\u00a0\u00bbvc_col-lg-offset-0 vc_col-lg-6 vc_col-md-offset-0 vc_col-md-12 vc_col-xs-12&Prime;][qode_elements_holder number_of_columns=\u00a0\u00bbone_column\u00a0\u00bb][qode_elements_holder_item vertical_alignment=\u00a0\u00bbmiddle\u00a0\u00bb horizontal_alignment=\u00a0\u00bbcenter\u00a0\u00bb advanced_animations=\u00a0\u00bbno\u00a0\u00bb item_padding=\u00a0\u00bb0 13% 0 26%\u00a0\u00bb item_padding_768_1024=\u00a0\u00bb0 15% 0 16%\u00a0\u00bb item_padding_600_768=\u00a0\u00bb0 1% 0 1%\u00a0\u00bb item_padding_480_600=\u00a0\u00bb0 0 0 0&Prime; item_padding_480=\u00a0\u00bb0 0 0 0&Prime;][vc_single_image image=\u00a0\u00bb17421&Prime; img_size=\u00a0\u00bblarge\u00a0\u00bb alignment=\u00a0\u00bbcenter\u00a0\u00bb qode_css_animation=\u00a0\u00bb\u00a0\u00bb css=\u00a0\u00bb.vc_custom_1757977677014{padding-top: 50px !important;}\u00a0\u00bb][\/qode_elements_holder_item][\/qode_elements_holder][\/vc_column][vc_column offset=\u00a0\u00bbvc_col-lg-offset-0 vc_col-lg-6 vc_col-md-offset-0 vc_col-md-12 vc_col-sm-offset-0 vc_col-xs-12&Prime;][qode_elements_holder number_of_columns=\u00a0\u00bbone_column\u00a0\u00bb][qode_elements_holder_item vertical_alignment=\u00a0\u00bbmiddle\u00a0\u00bb horizontal_alignment=\u00a0\u00bbcenter\u00a0\u00bb advanced_animations=\u00a0\u00bbno\u00a0\u00bb item_padding=\u00a0\u00bb21px 205px 0 0px\u00a0\u00bb item_padding_1280_1440=\u00a0\u00bb0px 134px 0 0px\u00a0\u00bb item_padding_768_1024=\u00a0\u00bb60px 172px 0 172px\u00a0\u00bb item_padding_600_768=\u00a0\u00bb60px 2px 0 2px\u00a0\u00bb item_padding_480_600=\u00a0\u00bb21px 15px 0 0px\u00a0\u00bb item_padding_480=\u00a0\u00bb21px 15px 0 0px\u00a0\u00bb][vc_empty_space height=\u00a0\u00bb50px\u00a0\u00bb][vc_column_text][\/vc_column_text][vc_column_text css=\u00a0\u00bb.vc_custom_1761759205018{padding-top: 50px !important;}\u00a0\u00bb]<\/p>\n<h2 style=\"text-align: left;\">PUBLICACI\u00d3 NOVEMBRE 2025<\/h2>\n<p>&nbsp;<\/p>\n<h4 style=\"text-align: left;\">\u00c9ditions des Archives Contemporaines (EAC), Paris<\/h4>\n<h4 style=\"text-align: left;\">Directors de la publicaci\u00f3 :<\/h4>\n<h4 style=\"text-align: left;\">Ester PINEDA &amp; Beat F\u00d6LLMI<\/h4>\n<h4 style=\"text-align: left;\">ISBN 9782813005748<\/h4>\n<p>[\/vc_column_text][vc_empty_space height=\u00a0\u00bb50px\u00a0\u00bb][vc_empty_space height=\u00a0\u00bb50px\u00a0\u00bb][\/qode_elements_holder_item][\/qode_elements_holder][\/vc_column][\/vc_row][vc_row css_animation=\u00a0\u00bb\u00a0\u00bb row_type=\u00a0\u00bbrow\u00a0\u00bb use_row_as_full_screen_section=\u00a0\u00bbno\u00a0\u00bb type=\u00a0\u00bbgrid\u00a0\u00bb angled_section=\u00a0\u00bbno\u00a0\u00bb text_align=\u00a0\u00bbleft\u00a0\u00bb background_image_as_pattern=\u00a0\u00bbwithout_pattern\u00a0\u00bb z_index=\u00a0\u00bb\u00a0\u00bb][vc_column offset=\u00a0\u00bbvc_col-lg-offset-0 vc_col-lg-6 vc_col-md-offset-0 vc_col-md-12 vc_col-sm-offset-0 vc_col-xs-12&Prime;][qode_elements_holder number_of_columns=\u00a0\u00bbone_column\u00a0\u00bb][qode_elements_holder_item vertical_alignment=\u00a0\u00bbmiddle\u00a0\u00bb horizontal_alignment=\u00a0\u00bbcenter\u00a0\u00bb advanced_animations=\u00a0\u00bbno\u00a0\u00bb item_padding=\u00a0\u00bb21px 205px 0 0px\u00a0\u00bb item_padding_1280_1440=\u00a0\u00bb0px 134px 0 0px\u00a0\u00bb item_padding_768_1024=\u00a0\u00bb60px 172px 0 172px\u00a0\u00bb item_padding_600_768=\u00a0\u00bb60px 2px 0 2px\u00a0\u00bb item_padding_480_600=\u00a0\u00bb21px 15px 0 0px\u00a0\u00bb item_padding_480=\u00a0\u00bb21px 15px 0 0px\u00a0\u00bb][vc_empty_space height=\u00a0\u00bb50px\u00a0\u00bb][vc_column_text][\/vc_column_text][vc_column_text css=\u00a0\u00bb.vc_custom_1759420127097{padding-top: 50px !important;}\u00a0\u00bb]<\/p>\n<h2 style=\"text-align: left;\">[PODCAST, ESCOLTA&rsquo;L]<\/h2>\n<p style=\"text-align: left;\">A France Musique, Ester Pineda parla dels sus temes de recerca\u2026 en 4 minuts!<\/p>\n<p style=\"text-align: left;\">Cada dia, Christophe Dilys presenta \u00abLa pause Th\u00e8se\u00bb a France Musique, un programa en el que els investigadors exposen breument els seus projectes musicol\u00f2gics. Una oportunitat per poa-se al dia de les darreres recerques etnomusicol\u00f3giques, jazz\u00edstiques i barroques!<\/p>\n<p style=\"text-align: left;\">Este programa tambi\u00e9n fue la ocasi\u00f3n para anunciar la creaci\u00f3n del Instituto de formaci\u00f3n continua ARTSYS, fundado por Ester, cuyo lanzamiento tuvo lugar en el Learning Planet Institute (Par\u00eds) el 10 de noviembre de 2023.<\/p>\n<p>[\/vc_column_text][vc_empty_space height=\u00a0\u00bb50px\u00a0\u00bb]<a  itemprop=\"url\" href=\"https:\/\/www.radiofrance.fr\/francemusique\/podcasts\/la-pause-these\/l-ecoute-interieure-et-l-interpretation-pianistique-6111775\" target=\"_blank\"  class=\"qbutton  large default\" style=\"\">PODCAST FRANCE MUSIQUE<\/a>[vc_empty_space height=\u00a0\u00bb50px\u00a0\u00bb][\/qode_elements_holder_item][\/qode_elements_holder][\/vc_column][vc_column offset=\u00a0\u00bbvc_col-lg-offset-0 vc_col-lg-6 vc_col-md-offset-0 vc_col-md-12 vc_col-xs-12&Prime;][qode_elements_holder number_of_columns=\u00a0\u00bbone_column\u00a0\u00bb][qode_elements_holder_item vertical_alignment=\u00a0\u00bbmiddle\u00a0\u00bb horizontal_alignment=\u00a0\u00bbcenter\u00a0\u00bb advanced_animations=\u00a0\u00bbno\u00a0\u00bb item_padding=\u00a0\u00bb0 13% 0 26%\u00a0\u00bb item_padding_768_1024=\u00a0\u00bb0 15% 0 16%\u00a0\u00bb item_padding_600_768=\u00a0\u00bb0 1% 0 1%\u00a0\u00bb item_padding_480_600=\u00a0\u00bb0 0 0 0&Prime; item_padding_480=\u00a0\u00bb0 0 0 0&Prime;][vc_empty_space height=\u00a0\u00bb50px\u00a0\u00bb][vc_single_image image=\u00a0\u00bb17267&Prime; img_size=\u00a0\u00bblarge\u00a0\u00bb alignment=\u00a0\u00bbcenter\u00a0\u00bb qode_css_animation=\u00a0\u00bb\u00a0\u00bb css=\u00a0\u00bb.vc_custom_1759420072164{padding-top: 50px !important;}\u00a0\u00bb][vc_empty_space height=\u00a0\u00bb50px\u00a0\u00bb][\/qode_elements_holder_item][\/qode_elements_holder][\/vc_column][\/vc_row][vc_row css_animation=\u00a0\u00bb\u00a0\u00bb row_type=\u00a0\u00bbrow\u00a0\u00bb use_row_as_full_screen_section=\u00a0\u00bbno\u00a0\u00bb type=\u00a0\u00bbgrid\u00a0\u00bb angled_section=\u00a0\u00bbno\u00a0\u00bb text_align=\u00a0\u00bbleft\u00a0\u00bb background_image_as_pattern=\u00a0\u00bbwithout_pattern\u00a0\u00bb z_index=\u00a0\u00bb\u00a0\u00bb][vc_column offset=\u00a0\u00bbvc_col-lg-offset-0 vc_col-lg-6 vc_col-md-offset-0 vc_col-md-12 vc_col-xs-12&Prime;][qode_elements_holder number_of_columns=\u00a0\u00bbone_column\u00a0\u00bb][qode_elements_holder_item vertical_alignment=\u00a0\u00bbmiddle\u00a0\u00bb horizontal_alignment=\u00a0\u00bbcenter\u00a0\u00bb advanced_animations=\u00a0\u00bbno\u00a0\u00bb item_padding=\u00a0\u00bb0 13% 0 26%\u00a0\u00bb item_padding_768_1024=\u00a0\u00bb0 15% 0 16%\u00a0\u00bb item_padding_600_768=\u00a0\u00bb0 1% 0 1%\u00a0\u00bb item_padding_480_600=\u00a0\u00bb0 0 0 0&Prime; item_padding_480=\u00a0\u00bb0 0 0 0&Prime;][vc_empty_space height=\u00a0\u00bb50px\u00a0\u00bb][vc_single_image image=\u00a0\u00bb17064&Prime; img_size=\u00a0\u00bblarge\u00a0\u00bb alignment=\u00a0\u00bbcenter\u00a0\u00bb qode_css_animation=\u00a0\u00bb\u00a0\u00bb css=\u00a0\u00bb.vc_custom_1759419954180{padding-top: 50px !important;}\u00a0\u00bb][vc_empty_space height=\u00a0\u00bb50px\u00a0\u00bb]<a  itemprop=\"url\" href=\"https:\/\/www.amazon.com\/Franz-Liszt-musique-contemporaine-significations\/dp\/236441475X\" target=\"_blank\"  class=\"qbutton  large default\" style=\"\">COMPRAR EL LLIBRE<\/a>[\/qode_elements_holder_item][\/qode_elements_holder][\/vc_column][vc_column offset=\u00a0\u00bbvc_col-lg-offset-0 vc_col-lg-6 vc_col-md-offset-0 vc_col-md-12 vc_col-sm-offset-0 vc_col-xs-12&Prime;][qode_elements_holder number_of_columns=\u00a0\u00bbone_column\u00a0\u00bb][qode_elements_holder_item vertical_alignment=\u00a0\u00bbmiddle\u00a0\u00bb horizontal_alignment=\u00a0\u00bbcenter\u00a0\u00bb advanced_animations=\u00a0\u00bbno\u00a0\u00bb item_padding=\u00a0\u00bb21px 205px 0 0px\u00a0\u00bb item_padding_1280_1440=\u00a0\u00bb0px 134px 0 0px\u00a0\u00bb item_padding_768_1024=\u00a0\u00bb60px 172px 0 172px\u00a0\u00bb item_padding_600_768=\u00a0\u00bb60px 2px 0 2px\u00a0\u00bb item_padding_480_600=\u00a0\u00bb21px 15px 0 0px\u00a0\u00bb item_padding_480=\u00a0\u00bb21px 15px 0 0px\u00a0\u00bb][vc_empty_space height=\u00a0\u00bb50px\u00a0\u00bb][vc_column_text][\/vc_column_text][vc_column_text css=\u00a0\u00bb.vc_custom_1759420997459{padding-top: 50px !important;}\u00a0\u00bb]<\/p>\n<div class=\"wpb_text_column wpb_content_element vc_custom_1759418349466\">\n<div class=\"wpb_wrapper\">\n<p style=\"text-align: left;\"><span class=\"break-words \"><span dir=\"ltr\"><em>\u00ab Ha estat par a mi un honor i un plaer contribuir al projecte colectiu <\/em>De Franz Liszt \u00e0 la musique contemporaine<em>, amb el cap\u00edtol titulat \u00ab <\/em>L\u2019analyse d\u2019interpr\u00e8te : une approche psycho-cognitive<em> \u00bb sobre la Leegenda de Sant Francesc de Paula caminant sobre les onades de F.Liszt\u00bb. <\/em>E. Pineda<\/span><\/span><\/p>\n<p style=\"text-align: left;\">Aquest llibre rendeix homenatge a la tasca que M\u00e1rta Grab\u00f3cz, professora de la Universitat d&rsquo;Estrasburg, ha dut a terme durant varies d\u00e9cades en el camp de la musicologia i el significat musical. Les seves investigacions abasten diversos \u00e1mbits d&rsquo;estudio, des de Franz Liszt fins la m\u00fasica contempor\u00e0nia.<\/p>\n<p style=\"text-align: left;\">El present volum est\u00e0 estructurat en tres parts: Franz Liszt; el significat musical; la m\u00fasica dels siglos XX i XXI, es a dir, questions que estan al centre de l&rsquo;actualitat musicol\u00f2gica, a lles que s&rsquo;afegeix la part \u00abHomenatges\u00bb. El llibre reuneix professors, artistes, compositors, music\u00f2legs i antics deixebles que, als diferents textos presentats, continuen els f\u00e9rtils intercanvis que Grabocz mai no va deixar d&rsquo;impulsar activament.<\/p>\n<\/div>\n<\/div>\n<div class=\"vc_empty_space\" style=\"text-align: left;\"><\/div>\n<p>[\/vc_column_text][vc_empty_space height=\u00a0\u00bb50px\u00a0\u00bb][\/qode_elements_holder_item][\/qode_elements_holder][\/vc_column][\/vc_row][vc_row css_animation=\u00a0\u00bb\u00a0\u00bb row_type=\u00a0\u00bbrow\u00a0\u00bb use_row_as_full_screen_section=\u00a0\u00bbno\u00a0\u00bb type=\u00a0\u00bbgrid\u00a0\u00bb angled_section=\u00a0\u00bbno\u00a0\u00bb text_align=\u00a0\u00bbleft\u00a0\u00bb background_image_as_pattern=\u00a0\u00bbwithout_pattern\u00a0\u00bb z_index=\u00a0\u00bb\u00a0\u00bb][vc_column offset=\u00a0\u00bbvc_col-lg-offset-0 vc_col-lg-6 vc_col-md-offset-0 vc_col-md-12 vc_col-xs-12&Prime;][qode_elements_holder number_of_columns=\u00a0\u00bbone_column\u00a0\u00bb][qode_elements_holder_item vertical_alignment=\u00a0\u00bbmiddle\u00a0\u00bb horizontal_alignment=\u00a0\u00bbcenter\u00a0\u00bb advanced_animations=\u00a0\u00bbno\u00a0\u00bb item_padding=\u00a0\u00bb0 13% 0 26%\u00a0\u00bb item_padding_768_1024=\u00a0\u00bb0 15% 0 16%\u00a0\u00bb item_padding_600_768=\u00a0\u00bb0 1% 0 1%\u00a0\u00bb item_padding_480_600=\u00a0\u00bb0 0 0 0&Prime; item_padding_480=\u00a0\u00bb0 0 0 0&Prime;][vc_empty_space height=\u00a0\u00bb50px\u00a0\u00bb][vc_single_image image=\u00a0\u00bb16319&Prime; img_size=\u00a0\u00bbfull\u00a0\u00bb qode_css_animation=\u00a0\u00bb\u00a0\u00bb css=\u00a0\u00bb.vc_custom_1759419856547{padding-top: 50px !important;}\u00a0\u00bb][vc_empty_space height=\u00a0\u00bb50px\u00a0\u00bb][vc_single_image image=\u00a0\u00bb16276&Prime; img_size=\u00a0\u00bbfull\u00a0\u00bb qode_css_animation=\u00a0\u00bb\u00a0\u00bb][vc_empty_space height=\u00a0\u00bb50px\u00a0\u00bb][\/qode_elements_holder_item][\/qode_elements_holder][\/vc_column][vc_column offset=\u00a0\u00bbvc_col-lg-offset-0 vc_col-lg-6 vc_col-md-offset-0 vc_col-md-12 vc_col-sm-offset-0 vc_col-xs-12&Prime;][qode_elements_holder number_of_columns=\u00a0\u00bbone_column\u00a0\u00bb][qode_elements_holder_item vertical_alignment=\u00a0\u00bbmiddle\u00a0\u00bb horizontal_alignment=\u00a0\u00bbcenter\u00a0\u00bb advanced_animations=\u00a0\u00bbno\u00a0\u00bb item_padding=\u00a0\u00bb21px 205px 0 0px\u00a0\u00bb item_padding_1280_1440=\u00a0\u00bb0px 134px 0 0px\u00a0\u00bb item_padding_768_1024=\u00a0\u00bb60px 172px 0 172px\u00a0\u00bb item_padding_600_768=\u00a0\u00bb60px 2px 0 2px\u00a0\u00bb item_padding_480_600=\u00a0\u00bb21px 15px 0 0px\u00a0\u00bb item_padding_480=\u00a0\u00bb21px 15px 0 0px\u00a0\u00bb][vc_empty_space height=\u00a0\u00bb50px\u00a0\u00bb][vc_column_text][\/vc_column_text][vc_column_text css=\u00a0\u00bb.vc_custom_1759421546490{padding-top: 50px !important;}\u00a0\u00bb]<\/p>\n<h2 style=\"text-align: left;\"><em>\u00ab\u00a0INCARNER\u00a0\u00bb<\/em><\/h2>\n<p style=\"text-align: left;\">Emisi\u00f3n radiof\u00f2nica poducida y dirigida por\u00a0<a href=\"http:\/\/www.dcdb.fr\/\" target=\"_blank\" rel=\"noreferrer noopener\" aria-label=\"David Christoffel (s\u2019ouvre dans un nouvel onglet)\"><strong>David Christoffel<\/strong><\/a><br \/>\ncon\u00a0<a href=\"https:\/\/www.esterpineda.com\/\" target=\"_blank\" rel=\"noreferrer noopener\" aria-label=\"Ester Pineda (s\u2019ouvre dans un nouvel onglet)\"><strong>Ester Pineda,\u00a0<\/strong><\/a>autora de\u00a0<em><a href=\"http:\/\/www.editions-delatour.com\/fr\/pedagogie-musicale\/4255-le-corps-musicien-vers-une-methode-sensorielle-de-l-interpretation-pianistique-9782752103833.html\">Le corps musicien<\/a><\/em>, Edicions Delatour France.<\/p>\n<p>[\/vc_column_text][vc_empty_space height=\u00a0\u00bb50px\u00a0\u00bb]<a  itemprop=\"url\" href=\"https:\/\/metaclassique.com\/metaclassique-28-incarner\/\" target=\"_blank\" data-hover-background-color='#333333' data-hover-border-color='#333333' data-hover-color='#ffffff' class=\"qbutton  large default\" style=\"\">ESCOLTAR L'EMISSIO M\u00c9TACLASSIQUE<\/a>[vc_empty_space height=\u00a0\u00bb50px\u00a0\u00bb]<a  itemprop=\"url\" href=\"http:\/\/metaclassique.com\/pad\/26-50\/Metaclassique_28_Incarner.mp3\" target=\"_blank\" data-hover-background-color='#333333' data-hover-border-color='#333333' data-hover-color='#ffffff' class=\"qbutton  large default\" style=\"\">BAIXAR L'EMISSIO<\/a>[vc_empty_space][vc_column_text css=\u00a0\u00bb.vc_custom_1759421567010{padding-top: 50px !important;}\u00a0\u00bb]<\/p>\n<h2 style=\"text-align: left;\"><em>\u00ab\u00a0CONTEMPLER\u00a0\u00bb<\/em><\/h2>\n<p style=\"text-align: left;\">Emisis\u00f3 sobre la m\u00fasica de Mompou i de Castiglioni amb la participaci\u00f3 de Bastianelli, Feneyrou, Coppola i <strong>Ester Pineda.<\/strong><\/p>\n<p style=\"text-align: left;\">Dirigida i produ\u00efda per David Christoffel<\/p>\n<p>[\/vc_column_text][vc_empty_space][\/qode_elements_holder_item][\/qode_elements_holder][\/vc_column][\/vc_row][vc_row css_animation=\u00a0\u00bb\u00a0\u00bb row_type=\u00a0\u00bbrow\u00a0\u00bb use_row_as_full_screen_section=\u00a0\u00bbno\u00a0\u00bb type=\u00a0\u00bbfull_width\u00a0\u00bb angled_section=\u00a0\u00bbno\u00a0\u00bb text_align=\u00a0\u00bbleft\u00a0\u00bb background_image_as_pattern=\u00a0\u00bbwithout_pattern\u00a0\u00bb z_index=\u00a0\u00bb\u00a0\u00bb][vc_column][qode_elements_holder number_of_columns=\u00a0\u00bbone_column\u00a0\u00bb][qode_elements_holder_item advanced_animations=\u00a0\u00bbno\u00a0\u00bb item_padding=\u00a0\u00bb0 4% 0px 7%\u00a0\u00bb]<div class=\"qode_video_box disabled_hover_zoom\">\n\t<a itemprop=\"image\" class=\"qode_video_image\" href=\"https:\/\/www.youtube.com\/watch?v=N5Gz01ySrtA\" data-rel=\"prettyPhoto\">\n\t\t\t\n\t\t\t<img src=\"https:\/\/www.esterpineda.com\/wp-content\/uploads\/2020\/12\/Foto-vue-plonge\u0301e.jpg\" \/>\n\t\t\t<span class=\"qode_video_box_button_holder\">\n\t\t\t\t<span class=\"qode_video_box_button\">\n\t\t\t\t\t<span class=\"qode_video_box_button_arrow\">\n\t\t\t\t\t<\/span>\n\t\t\t\t<\/span>\n\t\t\t<\/span>\n\t\t\t<\/a>\n<\/div>[\/qode_elements_holder_item][\/qode_elements_holder][\/vc_column][\/vc_row]<\/p>\n","protected":false},"excerpt":{"rendered":"<p>[vc_row css_animation=\u00a0\u00bb\u00a0\u00bb row_type=\u00a0\u00bbrow\u00a0\u00bb use_row_as_full_screen_section=\u00a0\u00bbno\u00a0\u00bb type=\u00a0\u00bbfull_width\u00a0\u00bb angled_section=\u00a0\u00bbno\u00a0\u00bb text_align=\u00a0\u00bbleft\u00a0\u00bb background_image_as_pattern=\u00a0\u00bbwithout_pattern\u00a0\u00bb][vc_column][\/vc_column][\/vc_row][vc_row css_animation=\u00a0\u00bb\u00a0\u00bb row_type=\u00a0\u00bbrow\u00a0\u00bb use_row_as_full_screen_section=\u00a0\u00bbno\u00a0\u00bb type=\u00a0\u00bbgrid\u00a0\u00bb angled_section=\u00a0\u00bbno\u00a0\u00bb text_align=\u00a0\u00bbleft\u00a0\u00bb background_image_as_pattern=\u00a0\u00bbwithout_pattern\u00a0\u00bb z_index=\u00a0\u00bb\u00a0\u00bb][vc_column offset=\u00a0\u00bbvc_col-lg-offset-0 vc_col-lg-6 vc_col-md-offset-0 vc_col-md-12 vc_col-xs-12&Prime;][qode_elements_holder number_of_columns=\u00a0\u00bbone_column\u00a0\u00bb][qode_elements_holder_item vertical_alignment=\u00a0\u00bbmiddle\u00a0\u00bb horizontal_alignment=\u00a0\u00bbcenter\u00a0\u00bb advanced_animations=\u00a0\u00bbno\u00a0\u00bb item_padding=\u00a0\u00bb0 13% 0 26%\u00a0\u00bb item_padding_768_1024=\u00a0\u00bb0 15% 0 16%\u00a0\u00bb item_padding_600_768=\u00a0\u00bb0 1% 0 1%\u00a0\u00bb item_padding_480_600=\u00a0\u00bb0 0 0 0&Prime; item_padding_480=\u00a0\u00bb0 0 0 0&Prime;][vc_single_image&#8230;<\/p>\n","protected":false},"author":3,"featured_media":0,"parent":0,"menu_order":0,"comment_status":"closed","ping_status":"closed","template":"full_width.php","meta":[],"_links":{"self":[{"href":"https:\/\/www.esterpineda.com\/index.php\/wp-json\/wp\/v2\/pages\/15771"}],"collection":[{"href":"https:\/\/www.esterpineda.com\/index.php\/wp-json\/wp\/v2\/pages"}],"about":[{"href":"https:\/\/www.esterpineda.com\/index.php\/wp-json\/wp\/v2\/types\/page"}],"author":[{"embeddable":true,"href":"https:\/\/www.esterpineda.com\/index.php\/wp-json\/wp\/v2\/users\/3"}],"replies":[{"embeddable":true,"href":"https:\/\/www.esterpineda.com\/index.php\/wp-json\/wp\/v2\/comments?post=15771"}],"version-history":[{"count":43,"href":"https:\/\/www.esterpineda.com\/index.php\/wp-json\/wp\/v2\/pages\/15771\/revisions"}],"predecessor-version":[{"id":18028,"href":"https:\/\/www.esterpineda.com\/index.php\/wp-json\/wp\/v2\/pages\/15771\/revisions\/18028"}],"wp:attachment":[{"href":"https:\/\/www.esterpineda.com\/index.php\/wp-json\/wp\/v2\/media?parent=15771"}],"curies":[{"name":"wp","href":"https:\/\/api.w.org\/{rel}","templated":true}]}}