{"id":15801,"date":"2020-06-04T19:30:30","date_gmt":"2020-06-04T17:30:30","guid":{"rendered":"https:\/\/www.esterpineda.com\/?page_id=15801"},"modified":"2025-10-06T21:47:50","modified_gmt":"2025-10-06T19:47:50","slug":"mais-aussi","status":"publish","type":"page","link":"https:\/\/www.esterpineda.com\/index.php\/mais-aussi\/?lang=ca","title":{"rendered":"I tamb\u00e9&#8230;"},"content":{"rendered":"<p>[vc_row css_animation=\u00a0\u00bb\u00a0\u00bb row_type=\u00a0\u00bbrow\u00a0\u00bb use_row_as_full_screen_section=\u00a0\u00bbno\u00a0\u00bb type=\u00a0\u00bbfull_width\u00a0\u00bb angled_section=\u00a0\u00bbno\u00a0\u00bb text_align=\u00a0\u00bbleft\u00a0\u00bb background_image_as_pattern=\u00a0\u00bbwithout_pattern\u00a0\u00bb z_index=\u00a0\u00bb\u00a0\u00bb][vc_column][vc_empty_space][qode_elements_holder number_of_columns=\u00a0\u00bbone_column\u00a0\u00bb][qode_elements_holder_item horizontal_alignment=\u00a0\u00bbcenter\u00a0\u00bb advanced_animations=\u00a0\u00bbno\u00a0\u00bb item_padding=\u00a0\u00bb0px 20% 0px 20%\u00a0\u00bb item_padding_1280_1440=\u00a0\u00bb39px 19% 0px 20%\u00a0\u00bb item_padding_1024_1280=\u00a0\u00bb39px 19% 0px 19%\u00a0\u00bb item_padding_600_768=\u00a0\u00bb60px 19% 0px 19%\u00a0\u00bb item_padding_480_600=\u00a0\u00bb60px 9% 0px 9%\u00a0\u00bb item_padding_480=\u00a0\u00bb60px 9% 0px 9%\u00a0\u00bb]<div class=\"qode_video_box disabled_hover_zoom\">\n\t<a itemprop=\"image\" class=\"qode_video_image\" href=\"https:\/\/www.youtube.com\/watch?v=bble6WRJ2vY&#038;t=10s\" data-rel=\"prettyPhoto\">\n\t\t\t\n\t\t\t<img src=\"https:\/\/www.esterpineda.com\/wp-content\/uploads\/2023\/02\/Affiche-paysage-scaled.jpg\" \/>\n\t\t\t<span class=\"qode_video_box_button_holder\">\n\t\t\t\t<span class=\"qode_video_box_button\">\n\t\t\t\t\t<span class=\"qode_video_box_button_arrow\">\n\t\t\t\t\t<\/span>\n\t\t\t\t<\/span>\n\t\t\t<\/span>\n\t\t\t<\/a>\n<\/div>[\/qode_elements_holder_item][\/qode_elements_holder][\/vc_column][\/vc_row][vc_row css_animation=\u00a0\u00bb\u00a0\u00bb row_type=\u00a0\u00bbrow\u00a0\u00bb use_row_as_full_screen_section=\u00a0\u00bbno\u00a0\u00bb type=\u00a0\u00bbgrid\u00a0\u00bb angled_section=\u00a0\u00bbno\u00a0\u00bb text_align=\u00a0\u00bbcenter\u00a0\u00bb background_image_as_pattern=\u00a0\u00bbwithout_pattern\u00a0\u00bb z_index=\u00a0\u00bb\u00a0\u00bb css=\u00a0\u00bb.vc_custom_1522412709995{padding-top: 62px !important;}\u00a0\u00bb][vc_column][qode_elements_holder number_of_columns=\u00a0\u00bbone_column\u00a0\u00bb][qode_elements_holder_item advanced_animations=\u00a0\u00bbno\u00a0\u00bb item_padding=\u00a0\u00bb0 20% 0 20%\u00a0\u00bb item_padding_600_768=\u00a0\u00bb0 10% 0 10%\u00a0\u00bb item_padding_480=\u00a0\u00bb0 0% 0 0%\u00a0\u00bb][vc_column_text]<\/p>\n<h2 style=\"text-align: center;\">DOCUMENTAL 2022<\/h2>\n<h3 style=\"text-align: center;\">Direcci\u00f3: Ester PINEDA<\/h3>\n<h3 style=\"text-align: center;\">Producci\u00f3: <em>IReMus<\/em> i la Fundaci\u00f3 Royaumont<\/h3>\n<p>[\/vc_column_text][vc_empty_space height=\u00a0\u00bb40px\u00a0\u00bb][vc_column_text]<\/p>\n<div class=\"vc_empty_space\"><\/div>\n<div class=\"wpb_text_column wpb_content_element \">\n<div class=\"wpb_wrapper\">\n<p>Documental de divulgaci\u00f3 cient\u00edfica entorn de l&rsquo;activitat cerebral creativa dels m\u00f9sics i la pedagogia de la m\u00f9sica. S&rsquo;ha estrenat en el marc de la \u00ab F\u00eate de la Science \u00bb els dies 15 i 16 d&rsquo;octubre del 2022 a Paris (Campus Jussieu, Sorbonne Universit\u00e9).<\/p>\n<p>Amb<a href=\"https:\/\/www.etsukohirose.com\/\"> Etsuko HIROSE<\/a> i joves alumnes del conservatori Jean-Philippe RAMEAU de Paris<\/p>\n<p>Ha estat finan\u00e7at gr\u00e0cies a la col\u00b7laboraci\u00f3 de la <em>Fondation Royaumont<\/em> i del laboratori de recerca en musicologia <em>IReMus<\/em> (BNF, minist\u00e8re de la Culture, Sorbonne Universit\u00e9)<\/p>\n<\/div>\n<\/div>\n<p>[\/vc_column_text][vc_empty_space height=\u00a0\u00bb40px\u00a0\u00bb][\/qode_elements_holder_item][\/qode_elements_holder][\/vc_column][\/vc_row][vc_row css_animation=\u00a0\u00bb\u00a0\u00bb row_type=\u00a0\u00bbrow\u00a0\u00bb use_row_as_full_screen_section=\u00a0\u00bbno\u00a0\u00bb type=\u00a0\u00bbfull_width\u00a0\u00bb angled_section=\u00a0\u00bbno\u00a0\u00bb text_align=\u00a0\u00bbleft\u00a0\u00bb background_image_as_pattern=\u00a0\u00bbwithout_pattern\u00a0\u00bb z_index=\u00a0\u00bb\u00a0\u00bb][vc_column][qode_elements_holder number_of_columns=\u00a0\u00bbone_column\u00a0\u00bb][qode_elements_holder_item horizontal_alignment=\u00a0\u00bbcenter\u00a0\u00bb advanced_animations=\u00a0\u00bbno\u00a0\u00bb item_padding=\u00a0\u00bb0px 20% 0px 20%\u00a0\u00bb item_padding_1280_1440=\u00a0\u00bb39px 19% 0px 20%\u00a0\u00bb item_padding_1024_1280=\u00a0\u00bb39px 19% 0px 19%\u00a0\u00bb item_padding_600_768=\u00a0\u00bb60px 19% 0px 19%\u00a0\u00bb item_padding_480_600=\u00a0\u00bb60px 9% 0px 9%\u00a0\u00bb item_padding_480=\u00a0\u00bb60px 9% 0px 9%\u00a0\u00bb]<div class=\"qode_video_box disabled_hover_zoom\">\n\t<a itemprop=\"image\" class=\"qode_video_image\" href=\"https:\/\/www.youtube.com\/watch?v=FO2y5K3D4AY\" data-rel=\"prettyPhoto\">\n\t\t\t\n\t\t\t<img src=\"https:\/\/www.esterpineda.com\/wp-content\/uploads\/2020\/03\/AuditStGermain-rogne\u0301e.jpg\" \/>\n\t\t\t<span class=\"qode_video_box_button_holder\">\n\t\t\t\t<span class=\"qode_video_box_button\">\n\t\t\t\t\t<span class=\"qode_video_box_button_arrow\">\n\t\t\t\t\t<\/span>\n\t\t\t\t<\/span>\n\t\t\t<\/span>\n\t\t\t<\/a>\n<\/div>[\/qode_elements_holder_item][\/qode_elements_holder][\/vc_column][\/vc_row][vc_row css_animation=\u00a0\u00bb\u00a0\u00bb row_type=\u00a0\u00bbrow\u00a0\u00bb use_row_as_full_screen_section=\u00a0\u00bbno\u00a0\u00bb type=\u00a0\u00bbgrid\u00a0\u00bb angled_section=\u00a0\u00bbno\u00a0\u00bb text_align=\u00a0\u00bbcenter\u00a0\u00bb background_image_as_pattern=\u00a0\u00bbwithout_pattern\u00a0\u00bb z_index=\u00a0\u00bb\u00a0\u00bb css=\u00a0\u00bb.vc_custom_1522412709995{padding-top: 62px !important;}\u00a0\u00bb][vc_column][qode_elements_holder number_of_columns=\u00a0\u00bbone_column\u00a0\u00bb][qode_elements_holder_item advanced_animations=\u00a0\u00bbno\u00a0\u00bb item_padding=\u00a0\u00bb0 20% 0 20%\u00a0\u00bb item_padding_600_768=\u00a0\u00bb0 10% 0 10%\u00a0\u00bb item_padding_480=\u00a0\u00bb0 0% 0 0%\u00a0\u00bb][vc_column_text]<\/p>\n<h2 style=\"text-align: center;\">Court-metratge, <em>Ballade pour un cerveau musical<\/em><\/h2>\n<h3 style=\"text-align: center;\">Premi del jurat, Concurs de Curtmetratges \u00ab\u00a0Les chercheurs font leur cin\u00e9ma\u00a0\u00bb, 2017<\/h3>\n<h3 style=\"text-align: center;\">Directora : ESTER PINEDA<\/h3>\n<p>[\/vc_column_text][vc_empty_space height=\u00a0\u00bb40px\u00a0\u00bb][vc_column_text]<\/p>\n<p style=\"text-align: left;\">Ester, pianista, pedagoga i investigadora, s\u2019interessa als meandres de l&rsquo;activitat cerebral dels m\u00fasics. Sobre el fil conductor de la musica, el curtmetratge proposa una visi\u00f3 po\u00e8tica de la recerca en neuropsicologia de la musica amb forma de balada-exploraci\u00f3 de l&rsquo;imaginari musical et de l\u2019audici\u00f3 interior dels pianistes. Diverses obres musicals a la base de la seva recerca, ens guien per un cam\u00ed situat a la conflu\u00e8ncia de la musicologia i de la psicologia cognitiva.<\/p>\n<p>[\/vc_column_text][\/qode_elements_holder_item][\/qode_elements_holder][\/vc_column][\/vc_row][vc_row css_animation=\u00a0\u00bb\u00a0\u00bb row_type=\u00a0\u00bbrow\u00a0\u00bb use_row_as_full_screen_section=\u00a0\u00bbno\u00a0\u00bb type=\u00a0\u00bbgrid\u00a0\u00bb angled_section=\u00a0\u00bbno\u00a0\u00bb text_align=\u00a0\u00bbleft\u00a0\u00bb background_image_as_pattern=\u00a0\u00bbwithout_pattern\u00a0\u00bb z_index=\u00a0\u00bb\u00a0\u00bb css=\u00a0\u00bb.vc_custom_1522412971039{padding-top: 85px !important;}\u00a0\u00bb][vc_column][qode_elements_holder number_of_columns=\u00a0\u00bbone_column\u00a0\u00bb][qode_elements_holder_item vertical_alignment=\u00a0\u00bbmiddle\u00a0\u00bb horizontal_alignment=\u00a0\u00bbcenter\u00a0\u00bb advanced_animations=\u00a0\u00bbno\u00a0\u00bb item_padding=\u00a0\u00bb0 0px 0 44%\u00a0\u00bb item_padding_600_768=\u00a0\u00bb0 0px 0 38%\u00a0\u00bb item_padding_480_600=\u00a0\u00bb0 0px 0 38%\u00a0\u00bb item_padding_480=\u00a0\u00bb0 0px 0 26%\u00a0\u00bb][vc_single_image image=\u00a0\u00bb2916&Prime; img_size=\u00a0\u00bbfull\u00a0\u00bb qode_css_animation=\u00a0\u00bb\u00a0\u00bb][\/qode_elements_holder_item][\/qode_elements_holder][\/vc_column][\/vc_row]<\/p>\n","protected":false},"excerpt":{"rendered":"<p>[vc_row css_animation=\u00a0\u00bb\u00a0\u00bb row_type=\u00a0\u00bbrow\u00a0\u00bb use_row_as_full_screen_section=\u00a0\u00bbno\u00a0\u00bb type=\u00a0\u00bbfull_width\u00a0\u00bb angled_section=\u00a0\u00bbno\u00a0\u00bb text_align=\u00a0\u00bbleft\u00a0\u00bb background_image_as_pattern=\u00a0\u00bbwithout_pattern\u00a0\u00bb z_index=\u00a0\u00bb\u00a0\u00bb][vc_column][vc_empty_space][qode_elements_holder number_of_columns=\u00a0\u00bbone_column\u00a0\u00bb][qode_elements_holder_item horizontal_alignment=\u00a0\u00bbcenter\u00a0\u00bb advanced_animations=\u00a0\u00bbno\u00a0\u00bb item_padding=\u00a0\u00bb0px 20% 0px 20%\u00a0\u00bb item_padding_1280_1440=\u00a0\u00bb39px 19% 0px 20%\u00a0\u00bb item_padding_1024_1280=\u00a0\u00bb39px 19% 0px 19%\u00a0\u00bb item_padding_600_768=\u00a0\u00bb60px 19% 0px 19%\u00a0\u00bb item_padding_480_600=\u00a0\u00bb60px 9% 0px 9%\u00a0\u00bb item_padding_480=\u00a0\u00bb60px 9% 0px 9%\u00a0\u00bb][\/qode_elements_holder_item][\/qode_elements_holder][\/vc_column][\/vc_row][vc_row css_animation=\u00a0\u00bb\u00a0\u00bb row_type=\u00a0\u00bbrow\u00a0\u00bb use_row_as_full_screen_section=\u00a0\u00bbno\u00a0\u00bb type=\u00a0\u00bbgrid\u00a0\u00bb angled_section=\u00a0\u00bbno\u00a0\u00bb text_align=\u00a0\u00bbcenter\u00a0\u00bb background_image_as_pattern=\u00a0\u00bbwithout_pattern\u00a0\u00bb z_index=\u00a0\u00bb\u00a0\u00bb css=\u00a0\u00bb.vc_custom_1522412709995{padding-top:&#8230;<\/p>\n","protected":false},"author":2,"featured_media":0,"parent":0,"menu_order":0,"comment_status":"closed","ping_status":"closed","template":"full_width.php","meta":[],"_links":{"self":[{"href":"https:\/\/www.esterpineda.com\/index.php\/wp-json\/wp\/v2\/pages\/15801"}],"collection":[{"href":"https:\/\/www.esterpineda.com\/index.php\/wp-json\/wp\/v2\/pages"}],"about":[{"href":"https:\/\/www.esterpineda.com\/index.php\/wp-json\/wp\/v2\/types\/page"}],"author":[{"embeddable":true,"href":"https:\/\/www.esterpineda.com\/index.php\/wp-json\/wp\/v2\/users\/2"}],"replies":[{"embeddable":true,"href":"https:\/\/www.esterpineda.com\/index.php\/wp-json\/wp\/v2\/comments?post=15801"}],"version-history":[{"count":13,"href":"https:\/\/www.esterpineda.com\/index.php\/wp-json\/wp\/v2\/pages\/15801\/revisions"}],"predecessor-version":[{"id":17946,"href":"https:\/\/www.esterpineda.com\/index.php\/wp-json\/wp\/v2\/pages\/15801\/revisions\/17946"}],"wp:attachment":[{"href":"https:\/\/www.esterpineda.com\/index.php\/wp-json\/wp\/v2\/media?parent=15801"}],"curies":[{"name":"wp","href":"https:\/\/api.w.org\/{rel}","templated":true}]}}