{"id":15809,"date":"2020-06-04T19:34:07","date_gmt":"2020-06-04T17:34:07","guid":{"rendered":"https:\/\/www.esterpineda.com\/?page_id=15809"},"modified":"2025-10-07T22:21:01","modified_gmt":"2025-10-07T20:21:01","slug":"recherche","status":"publish","type":"page","link":"https:\/\/www.esterpineda.com\/index.php\/recherche\/?lang=ca","title":{"rendered":"Recerca"},"content":{"rendered":"<p>[vc_row css_animation=\u00a0\u00bb\u00a0\u00bb row_type=\u00a0\u00bbrow\u00a0\u00bb use_row_as_full_screen_section=\u00a0\u00bbno\u00a0\u00bb type=\u00a0\u00bbgrid\u00a0\u00bb angled_section=\u00a0\u00bbno\u00a0\u00bb text_align=\u00a0\u00bbleft\u00a0\u00bb background_image_as_pattern=\u00a0\u00bbwithout_pattern\u00a0\u00bb z_index=\u00a0\u00bb\u00a0\u00bb css=\u00a0\u00bb.vc_custom_1522417278763{padding-top: 25px !important;}\u00a0\u00bb][vc_column offset=\u00a0\u00bbvc_col-lg-offset-0 vc_col-lg-6 vc_col-md-offset-0 vc_col-md-12 vc_col-xs-12&Prime;][qode_elements_holder number_of_columns=\u00a0\u00bbone_column\u00a0\u00bb][qode_elements_holder_item vertical_alignment=\u00a0\u00bbmiddle\u00a0\u00bb horizontal_alignment=\u00a0\u00bbcenter\u00a0\u00bb advanced_animations=\u00a0\u00bbno\u00a0\u00bb item_padding=\u00a0\u00bb0 13% 0 26%\u00a0\u00bb item_padding_768_1024=\u00a0\u00bb0 15% 0 16%\u00a0\u00bb item_padding_600_768=\u00a0\u00bb0 1% 0 1%\u00a0\u00bb item_padding_480_600=\u00a0\u00bb0 0 0 0&Prime; item_padding_480=\u00a0\u00bb0 0 0 0&Prime;][vc_single_image image=\u00a0\u00bb2884&Prime; img_size=\u00a0\u00bbfull\u00a0\u00bb qode_css_animation=\u00a0\u00bb\u00a0\u00bb][\/qode_elements_holder_item][\/qode_elements_holder][\/vc_column][vc_column offset=\u00a0\u00bbvc_col-lg-offset-0 vc_col-lg-6 vc_col-md-offset-0 vc_col-md-12 vc_col-sm-offset-0 vc_col-xs-12&Prime;][qode_elements_holder number_of_columns=\u00a0\u00bbone_column\u00a0\u00bb][qode_elements_holder_item vertical_alignment=\u00a0\u00bbmiddle\u00a0\u00bb horizontal_alignment=\u00a0\u00bbcenter\u00a0\u00bb advanced_animations=\u00a0\u00bbno\u00a0\u00bb item_padding=\u00a0\u00bb21px 205px 0 0px\u00a0\u00bb item_padding_1280_1440=\u00a0\u00bb0px 134px 0 0px\u00a0\u00bb item_padding_768_1024=\u00a0\u00bb60px 172px 0 172px\u00a0\u00bb item_padding_600_768=\u00a0\u00bb60px 2px 0 2px\u00a0\u00bb item_padding_480_600=\u00a0\u00bb21px 15px 0 0px\u00a0\u00bb item_padding_480=\u00a0\u00bb21px 15px 0 0px\u00a0\u00bb][vc_column_text]<\/p>\n<p style=\"text-align: left;\">Doctora en musicologia sistem\u00e0tica per Sorbonne Universit\u00e9 i l&rsquo;universitat de Caen-Normandie, Ester Pineda s\u2019int\u00e9ressa als perocessus cognitius en el marc de l\u2019interpretaci\u00f3 i de l&rsquo;educaci\u00f3 musical. A l&rsquo;intersseci\u00f3 de la neuropsicologia cognitiva et de la musicologia la seves recerques aborden els processos cognitius lligats a l\u2019audici\u00f3 interior dels m\u00fasics.<\/p>\n<p style=\"text-align: left;\">Membre del consell cientific del <em>Centre Europ\u00e9en de Musique<\/em> (CEM), Ester Pineda es investigadora associ\u00e9ada als laboratoirs <em>IReMus<\/em> (Sorbonne Universit\u00e9) i CREAA (Universit\u00e9 de Strasbourg).<\/p>\n<p>&nbsp;<\/p>\n<p style=\"text-align: center;\"><em>El centre de la meva tasca acad\u00e8mica \u00e9s l&rsquo;integraci\u00f3 de la recerca te\u00f2rica, emp\u00edrica i pr\u00e0ctica, que estan estretament vinculades amb la meva experi\u00e8ncia com a int\u00e8rpret i com a docent .<\/em><\/p>\n<p>[\/vc_column_text][vc_empty_space height=\u00a0\u00bb50px\u00a0\u00bb][vc_column_text]<\/p>\n<h3><\/h3>\n<h2><\/h2>\n<h2 style=\"text-align: center;\">LABORATORIS (UNITATS DE RECERCA)<\/h2>\n<p>[\/vc_column_text][vc_empty_space height=\u00a0\u00bb50px\u00a0\u00bb]<a  itemprop=\"url\" href=\"https:\/\/www.iremus.cnrs.fr\/fr\" target=\"_blank\" data-hover-background-color='#333333' data-hover-border-color='#333333' data-hover-color='#ffffff' class=\"qbutton  medium default\" style=\"\">Musicologia - IReMus<\/a>[vc_empty_space height=\u00a0\u00bb50px\u00a0\u00bb]<a  itemprop=\"url\" href=\"https:\/\/creaa.unistra.fr\/le-creaa\/organisation\/membres\/chercheurs-associes\/ester-pineda\/\" target=\"_self\" data-hover-background-color='#333333' data-hover-border-color='#333333' data-hover-color='#ffffff' class=\"qbutton  medium default\" style=\"\">CREAA Universitat d'Estrasburg<\/a>[\/qode_elements_holder_item][\/qode_elements_holder][\/vc_column][\/vc_row][vc_row css_animation=\u00a0\u00bb\u00a0\u00bb row_type=\u00a0\u00bbrow\u00a0\u00bb use_row_as_full_screen_section=\u00a0\u00bbno\u00a0\u00bb type=\u00a0\u00bbgrid\u00a0\u00bb angled_section=\u00a0\u00bbno\u00a0\u00bb text_align=\u00a0\u00bbleft\u00a0\u00bb background_image_as_pattern=\u00a0\u00bbwithout_pattern\u00a0\u00bb css=\u00a0\u00bb.vc_custom_1522401067617{padding-top: 150px !important;padding-bottom: 155px !important;background-image: url(https:\/\/bridge206.qodeinteractive.com\/wp-content\/uploads\/2018\/03\/background-h1.jpg?id=51) !important;}\u00a0\u00bb z_index=\u00a0\u00bb\u00a0\u00bb][vc_column offset=\u00a0\u00bbvc_col-lg-offset-0 vc_col-lg-6 vc_col-md-offset-0 vc_col-md-12 vc_col-sm-offset-0 vc_col-xs-12&Prime;][qode_elements_holder number_of_columns=\u00a0\u00bbone_column\u00a0\u00bb][qode_elements_holder_item vertical_alignment=\u00a0\u00bbmiddle\u00a0\u00bb horizontal_alignment=\u00a0\u00bbcenter\u00a0\u00bb advanced_animations=\u00a0\u00bbno\u00a0\u00bb item_padding=\u00a0\u00bb38px 0 0 158px\u00a0\u00bb item_padding_1024_1280=\u00a0\u00bb15px 0 0 148px\u00a0\u00bb item_padding_768_1024=\u00a0\u00bb0px 133px 100px 133px\u00a0\u00bb item_padding_600_768=\u00a0\u00bb0px 33px 100px 33px\u00a0\u00bb item_padding_480_600=\u00a0\u00bb38px 0 70px 0px\u00a0\u00bb item_padding_480=\u00a0\u00bb38px 0 70px 0px\u00a0\u00bb][vc_column_text el_id=\u00a0\u00bbAcheter le livre\u00a0\u00bb]<\/p>\n<h2>PUBLICACIONS<\/h2>\n<h3><em>Le Corps Musicien: vers une m\u00e9thode sensorielle de l&rsquo;interpr\u00e9tation pianistique<\/em><\/h3>\n<h4>(edicions Delatour France)<\/h4>\n<p>[\/vc_column_text][vc_column_text]<em>Especialitzada en neuropsicologia musical, Ester Pineda aprofundeix l\u2019impacte de la pr\u00e0ctica musical sobre l\u2019activitat cerebral. Aquesta obra tripartida subratlla el rol del cos en l\u2019aprenentatge de la musica gr\u00e0cies als descobriments de les ci\u00e8ncies cognitives. L\u2019autora aconsegueix establir una \u00ab correlaci\u00f3 entre la consciencia corporal i la pr\u00f2pia qualitat al tocar \u00bb, arribant a redefinir la relaci\u00f3 amb l&rsquo;obra musical, amb \u00a0la transmissi\u00f3 (cf. esquema descriptiu de la transmissi\u00f3 musical, p. 116) i de l\u2019ensenyament. Un pas m\u00e9s cap a una introspectiva amb coneixement de causa del \u00ab cos musical \u00bb<\/em><\/p>\n<p>[\/vc_column_text][vc_empty_space height=\u00a0\u00bb25px\u00a0\u00bb][vc_column_text]<strong>\u00c9dith Weber<\/strong>\u00a9 L&rsquo;\u00c9DUCATION MUSICALE 2019[\/vc_column_text][\/qode_elements_holder_item][\/qode_elements_holder][\/vc_column][vc_column offset=\u00a0\u00bbvc_col-lg-offset-0 vc_col-lg-6 vc_col-md-offset-0 vc_col-md-12 vc_col-xs-12&Prime;][qode_elements_holder number_of_columns=\u00a0\u00bbone_column\u00a0\u00bb][qode_elements_holder_item vertical_alignment=\u00a0\u00bbmiddle\u00a0\u00bb horizontal_alignment=\u00a0\u00bbcenter\u00a0\u00bb advanced_animations=\u00a0\u00bbno\u00a0\u00bb item_padding=\u00a0\u00bb0 30% 0 4%\u00a0\u00bb item_padding_768_1024=\u00a0\u00bb0 12% 0 4%\u00a0\u00bb item_padding_600_768=\u00a0\u00bb0 8% 0 0%\u00a0\u00bb item_padding_480_600=\u00a0\u00bb0 5% 0 0%\u00a0\u00bb item_padding_480=\u00a0\u00bb0 5% 0 0%\u00a0\u00bb][vc_empty_space height=\u00a0\u00bb50px\u00a0\u00bb][vc_single_image image=\u00a0\u00bb245&Prime; img_size=\u00a0\u00bbfull\u00a0\u00bb qode_css_animation=\u00a0\u00bb\u00a0\u00bb][\/qode_elements_holder_item][\/qode_elements_holder][\/vc_column][\/vc_row][vc_row css_animation=\u00a0\u00bb\u00a0\u00bb row_type=\u00a0\u00bbrow\u00a0\u00bb use_row_as_full_screen_section=\u00a0\u00bbno\u00a0\u00bb type=\u00a0\u00bbfull_width\u00a0\u00bb angled_section=\u00a0\u00bbno\u00a0\u00bb text_align=\u00a0\u00bbleft\u00a0\u00bb background_image_as_pattern=\u00a0\u00bbwithout_pattern\u00a0\u00bb z_index=\u00a0\u00bb\u00a0\u00bb][vc_column][qode_elements_holder background_color=\u00a0\u00bb#383838&Prime; number_of_columns=\u00a0\u00bbone_column\u00a0\u00bb][qode_elements_holder_item advanced_animations=\u00a0\u00bbno\u00a0\u00bb item_padding=\u00a0\u00bb0 4% 0px 7%\u00a0\u00bb]<div class=\"qode_video_box disabled_hover_zoom\">\n\t<a itemprop=\"image\" class=\"qode_video_image\" href=\"https:\/\/www.youtube.com\/watch?v=tXF-4nIgSn8\" data-rel=\"prettyPhoto\">\n\t\t\t\n\t\t\t<img src=\"https:\/\/www.esterpineda.com\/wp-content\/uploads\/2020\/03\/Image-APPI-jo.png\" \/>\n\t\t\t<span class=\"qode_video_box_button_holder\">\n\t\t\t\t<span class=\"qode_video_box_button\">\n\t\t\t\t\t<span class=\"qode_video_box_button_arrow\">\n\t\t\t\t\t<\/span>\n\t\t\t\t<\/span>\n\t\t\t<\/span>\n\t\t\t<\/a>\n<\/div>[\/qode_elements_holder_item][\/qode_elements_holder][\/vc_column][\/vc_row]<\/p>\n","protected":false},"excerpt":{"rendered":"<p>[vc_row css_animation=\u00a0\u00bb\u00a0\u00bb row_type=\u00a0\u00bbrow\u00a0\u00bb use_row_as_full_screen_section=\u00a0\u00bbno\u00a0\u00bb type=\u00a0\u00bbgrid\u00a0\u00bb angled_section=\u00a0\u00bbno\u00a0\u00bb text_align=\u00a0\u00bbleft\u00a0\u00bb background_image_as_pattern=\u00a0\u00bbwithout_pattern\u00a0\u00bb z_index=\u00a0\u00bb\u00a0\u00bb css=\u00a0\u00bb.vc_custom_1522417278763{padding-top: 25px !important;}\u00a0\u00bb][vc_column offset=\u00a0\u00bbvc_col-lg-offset-0 vc_col-lg-6 vc_col-md-offset-0 vc_col-md-12 vc_col-xs-12&Prime;][qode_elements_holder number_of_columns=\u00a0\u00bbone_column\u00a0\u00bb][qode_elements_holder_item vertical_alignment=\u00a0\u00bbmiddle\u00a0\u00bb horizontal_alignment=\u00a0\u00bbcenter\u00a0\u00bb advanced_animations=\u00a0\u00bbno\u00a0\u00bb item_padding=\u00a0\u00bb0 13% 0 26%\u00a0\u00bb item_padding_768_1024=\u00a0\u00bb0 15% 0 16%\u00a0\u00bb item_padding_600_768=\u00a0\u00bb0 1% 0 1%\u00a0\u00bb item_padding_480_600=\u00a0\u00bb0 0 0 0&Prime; item_padding_480=\u00a0\u00bb0 0 0 0&Prime;][vc_single_image image=\u00a0\u00bb2884&Prime; img_size=\u00a0\u00bbfull\u00a0\u00bb qode_css_animation=\u00a0\u00bb\u00a0\u00bb][\/qode_elements_holder_item][\/qode_elements_holder][\/vc_column][vc_column offset=\u00a0\u00bbvc_col-lg-offset-0&#8230;<\/p>\n","protected":false},"author":2,"featured_media":0,"parent":0,"menu_order":0,"comment_status":"closed","ping_status":"closed","template":"","meta":[],"_links":{"self":[{"href":"https:\/\/www.esterpineda.com\/index.php\/wp-json\/wp\/v2\/pages\/15809"}],"collection":[{"href":"https:\/\/www.esterpineda.com\/index.php\/wp-json\/wp\/v2\/pages"}],"about":[{"href":"https:\/\/www.esterpineda.com\/index.php\/wp-json\/wp\/v2\/types\/page"}],"author":[{"embeddable":true,"href":"https:\/\/www.esterpineda.com\/index.php\/wp-json\/wp\/v2\/users\/2"}],"replies":[{"embeddable":true,"href":"https:\/\/www.esterpineda.com\/index.php\/wp-json\/wp\/v2\/comments?post=15809"}],"version-history":[{"count":13,"href":"https:\/\/www.esterpineda.com\/index.php\/wp-json\/wp\/v2\/pages\/15809\/revisions"}],"predecessor-version":[{"id":17984,"href":"https:\/\/www.esterpineda.com\/index.php\/wp-json\/wp\/v2\/pages\/15809\/revisions\/17984"}],"wp:attachment":[{"href":"https:\/\/www.esterpineda.com\/index.php\/wp-json\/wp\/v2\/media?parent=15809"}],"curies":[{"name":"wp","href":"https:\/\/api.w.org\/{rel}","templated":true}]}}