{"id":16449,"date":"2020-06-04T17:05:31","date_gmt":"2020-06-04T15:05:31","guid":{"rendered":"https:\/\/www.esterpineda.com\/index.php\/accueil\/"},"modified":"2025-11-11T15:43:46","modified_gmt":"2025-11-11T14:43:46","slug":"accueil","status":"publish","type":"page","link":"https:\/\/www.esterpineda.com\/index.php\/accueil\/?lang=es","title":{"rendered":"Inicio"},"content":{"rendered":"<p>[vc_row css_animation=\u00a0\u00bb\u00a0\u00bb row_type=\u00a0\u00bbrow\u00a0\u00bb use_row_as_full_screen_section=\u00a0\u00bbno\u00a0\u00bb type=\u00a0\u00bbfull_width\u00a0\u00bb angled_section=\u00a0\u00bbno\u00a0\u00bb text_align=\u00a0\u00bbleft\u00a0\u00bb background_image_as_pattern=\u00a0\u00bbwithout_pattern\u00a0\u00bb z_index=\u00a0\u00bb\u00a0\u00bb][vc_column][rev_slider_vc alias=\u00a0\u00bbfr-2025-ester-pineda-1&Prime;][vc_empty_space height=\u00a0\u00bb32&Prime;][\/vc_column][\/vc_row][vc_row css_animation=\u00a0\u00bb\u00a0\u00bb row_type=\u00a0\u00bbrow\u00a0\u00bb use_row_as_full_screen_section=\u00a0\u00bbno\u00a0\u00bb type=\u00a0\u00bbfull_width\u00a0\u00bb angled_section=\u00a0\u00bbno\u00a0\u00bb text_align=\u00a0\u00bbleft\u00a0\u00bb background_image_as_pattern=\u00a0\u00bbwithout_pattern\u00a0\u00bb z_index=\u00a0\u00bb\u00a0\u00bb][vc_column offset=\u00a0\u00bbvc_hidden-lg vc_hidden-md vc_hidden-sm\u00a0\u00bb][qode_elements_holder number_of_columns=\u00a0\u00bbone_column\u00a0\u00bb][qode_elements_holder_item horizontal_alignment=\u00a0\u00bbcenter\u00a0\u00bb advanced_animations=\u00a0\u00bbno\u00a0\u00bb item_padding=\u00a0\u00bb0 4% 0px 7%\u00a0\u00bb][vc_column_text]<\/p>\n<h2 style=\"text-align: center;\">NUEVO ALBUM 2025<\/h2>\n<p>[\/vc_column_text][vc_empty_space height=\u00a0\u00bb32&Prime;][vc_single_image image=\u00a0\u00bb17289&Prime; img_size=\u00a0\u00bbfull\u00a0\u00bb qode_css_animation=\u00a0\u00bb\u00a0\u00bb][vc_empty_space height=\u00a0\u00bb32&Prime;]<a  itemprop=\"url\" href=\"https:\/\/www.amazon.fr\/R\u00e9sonances-Narcis-Bonet-Federico-Mompou\/dp\/B08QVGC66P\/ref=sr_1_1?__mk_fr_FR=\u00c5M\u00c5\u017d\u00d5\u00d1&amp;dchild=1&amp;keywords=R\u00e9sonances+ester+Pineda&amp;qid=1611067200&amp;s=books&amp;sr=1-1\" target=\"_self\"  class=\"qbutton  default\" style=\"\">ESCUCHA Y COMPRA<\/a>[vc_empty_space height=\u00a0\u00bb20&Prime;][\/qode_elements_holder_item][\/qode_elements_holder][\/vc_column][\/vc_row][vc_row css_animation=\u00a0\u00bb\u00a0\u00bb row_type=\u00a0\u00bbrow\u00a0\u00bb use_row_as_full_screen_section=\u00a0\u00bbno\u00a0\u00bb type=\u00a0\u00bbfull_width\u00a0\u00bb angled_section=\u00a0\u00bbno\u00a0\u00bb text_align=\u00a0\u00bbleft\u00a0\u00bb background_image_as_pattern=\u00a0\u00bbwithout_pattern\u00a0\u00bb z_index=\u00a0\u00bb\u00a0\u00bb][vc_column width=\u00a0\u00bb1\/6&Prime;][\/vc_column][vc_column width=\u00a0\u00bb2\/3&Prime;][qode_elements_holder number_of_columns=\u00a0\u00bbone_column\u00a0\u00bb][qode_elements_holder_item advanced_animations=\u00a0\u00bbno\u00a0\u00bb item_padding=\u00a0\u00bb0 4% 0px 7%\u00a0\u00bb]<div class=\"qode_video_box\">\n\t<a itemprop=\"image\" class=\"qode_video_image\" href=\"https:\/\/www.youtube.com\/watch?v=4VjTeadVUcw\" data-rel=\"prettyPhoto\">\n\t\t\t\n\t\t\t<img src=\"https:\/\/www.esterpineda.com\/wp-content\/uploads\/2025\/07\/Miniature-vide\u0301o-pre\u0301sentation-CD.jpeg\" \/>\n\t\t\t<span class=\"qode_video_box_button_holder\">\n\t\t\t\t<span class=\"qode_video_box_button\">\n\t\t\t\t\t<span class=\"qode_video_box_button_arrow\">\n\t\t\t\t\t<\/span>\n\t\t\t\t<\/span>\n\t\t\t<\/span>\n\t\t\t<\/a>\n<\/div>[vc_empty_space height=\u00a0\u00bb32&Prime;][vc_column_text]<\/p>\n<h2 style=\"text-align: center;\">Nuevo album <em>\u00c9VOCATIONS IB\u00c9RIQUES<\/em><\/h2>\n<p>[\/vc_column_text][vc_empty_space height=\u00a0\u00bb12&Prime;][vc_column_text]<\/p>\n<p class=\"cvGsUA direction-ltr align-start para-style-body\" style=\"text-align: center;\"><em><span class=\"a_GcMg font-feature-liga-off font-feature-clig-off font-feature-calt-off text-decoration-none text-strikethrough-none\">\u00ab\u00a0Toda elecci\u00f3n es, por naturaleza, arbitraria y la elecci\u00f3n de las obras que integran este disco, no es una excepci\u00f3n. Conlleva inevitablemente dejar en la penumbra compositores y obras que merecer\u00edan igualmente figurar en esta grabaci\u00f3n. Sin embargo, la elecci\u00f3n ha sido naturalmente guiada, por una parte, por mi deseo de dar a conocer obras poco grabadas <\/span><span class=\"a_GcMg font-feature-liga-off font-feature-clig-off font-feature-calt-off text-decoration-none text-strikethrough-none\">y por otra, por una \u00edntima sensibilidad: aquella que nos hace elaborar un programa como se construye el de un recital.\u00a0\u00bb <\/span><\/em>Ester P\u00efneda<\/p>\n<p>[\/vc_column_text][vc_empty_space height=\u00a0\u00bb32&Prime;][vc_column_text]<iframe style=\"border-radius: 12px;\" src=\"https:\/\/open.spotify.com\/embed\/album\/5g5WFa19EKo9bctA4DsRew?utm_source=generator\" width=\"100%\" height=\"352\" frameborder=\"0\" allowfullscreen=\"allowfullscreen\" data-testid=\"embed-iframe\"><\/iframe><br \/>\n[\/vc_column_text][vc_empty_space height=\u00a0\u00bb32&Prime;]<a  itemprop=\"url\" href=\"https:\/\/www.amazon.com\/dp\/B0FXHJ7S14?crid=1EKDC9Y9QNUCR&amp;dib=eyJ2IjoiMSJ9.bHdS8Um2BwHufZ5ZqpxltxBEOT6jVq5RkEj9CliGKhk.OEm-i4bgbXM3pbCimpBGo28tEnCPkW2NMgpPR71R2vw&amp;dib_tag=se&amp;keywords=%C3%A9vocations+ib%C3%A9riques&amp;qid=1762868908&amp;s=music&amp;sprefix=%C3%A9vocations+ib%C3%A9riques%2Cmusic-intl-ship%2C139&amp;sr=1-1\" target=\"_blank\" data-hover-background-color='#333333' data-hover-border-color='#333333' data-hover-color='#ffffff' class=\"qbutton  big_large_full_width default\" style=\"\">COMPRAR EL ALBUM (MP3)<\/a>[vc_empty_space height=\u00a0\u00bb32&Prime;]<a  itemprop=\"url\" href=\"https:\/\/columnamusica.com\/product\/vde-gallo-vinil\/\" target=\"_blank\" data-hover-background-color='#333333' data-hover-border-color='#333333' data-hover-color='#ffffff' class=\"qbutton  big_large_full_width default\" style=\"\">COMPRAR EL DISCO (VINILO O CD)<\/a>[vc_empty_space height=\u00a0\u00bb32&Prime;][\/qode_elements_holder_item][\/qode_elements_holder][\/vc_column][vc_column width=\u00a0\u00bb1\/6&Prime;][\/vc_column][\/vc_row][vc_row css_animation=\u00a0\u00bb\u00a0\u00bb row_type=\u00a0\u00bbrow\u00a0\u00bb use_row_as_full_screen_section=\u00a0\u00bbno\u00a0\u00bb type=\u00a0\u00bbgrid\u00a0\u00bb angled_section=\u00a0\u00bbno\u00a0\u00bb text_align=\u00a0\u00bbleft\u00a0\u00bb background_image_as_pattern=\u00a0\u00bbwithout_pattern\u00a0\u00bb z_index=\u00a0\u00bb\u00a0\u00bb][vc_column offset=\u00a0\u00bbvc_col-lg-offset-0 vc_col-lg-6 vc_col-md-offset-0 vc_col-md-12 vc_col-xs-12&Prime;][qode_elements_holder number_of_columns=\u00a0\u00bbone_column\u00a0\u00bb][qode_elements_holder_item vertical_alignment=\u00a0\u00bbmiddle\u00a0\u00bb horizontal_alignment=\u00a0\u00bbcenter\u00a0\u00bb advanced_animations=\u00a0\u00bbno\u00a0\u00bb item_padding=\u00a0\u00bb0 13% 0 26%\u00a0\u00bb item_padding_768_1024=\u00a0\u00bb0 15% 0 16%\u00a0\u00bb item_padding_600_768=\u00a0\u00bb0 1% 0 1%\u00a0\u00bb item_padding_480_600=\u00a0\u00bb0 0 0 0&Prime; item_padding_480=\u00a0\u00bb0 0 0 0&Prime;][vc_single_image image=\u00a0\u00bb2886&Prime; img_size=\u00a0\u00bbfull\u00a0\u00bb qode_css_animation=\u00a0\u00bb\u00a0\u00bb][\/qode_elements_holder_item][\/qode_elements_holder][\/vc_column][vc_column offset=\u00a0\u00bbvc_col-lg-offset-0 vc_col-lg-6 vc_col-md-offset-0 vc_col-md-12 vc_col-sm-offset-0 vc_col-xs-12&Prime;][qode_elements_holder number_of_columns=\u00a0\u00bbone_column\u00a0\u00bb][qode_elements_holder_item vertical_alignment=\u00a0\u00bbmiddle\u00a0\u00bb horizontal_alignment=\u00a0\u00bbcenter\u00a0\u00bb advanced_animations=\u00a0\u00bbno\u00a0\u00bb item_padding=\u00a0\u00bb21px 205px 0 0px\u00a0\u00bb item_padding_1280_1440=\u00a0\u00bb0px 134px 0 0px\u00a0\u00bb item_padding_768_1024=\u00a0\u00bb60px 172px 0 172px\u00a0\u00bb item_padding_600_768=\u00a0\u00bb60px 2px 0 2px\u00a0\u00bb item_padding_480_600=\u00a0\u00bb21px 15px 0 0px\u00a0\u00bb item_padding_480=\u00a0\u00bb21px 15px 0 0px\u00a0\u00bb][vc_column_text][\/vc_column_text][vc_column_text]<\/p>\n<p style=\"text-align: left;\">Nacida en Sabadell, Ester Pineda destaca por primera vez internacionalmente al ser seleccionada para representar a su pa\u00eds <span class=\"a_GcMg font-feature-liga-off font-feature-clig-off font-feature-calt-off text-decoration-none text-strikethrough-none\">en la 15a Confer\u00e8ncia General de l\u2019UNESCO. <\/span>Desde entonces ha actuado regularmente en prestigiosas salas de concierto en Europa (Wigmore Hall, Th\u00e9\u00e2tre du Ch\u00e2telet<span class=\"a_GcMg font-feature-liga-off font-feature-clig-off font-feature-calt-off text-decoration-none text-strikethrough-none\">, Festival Chopin, Invalides, Palais Nostitz, Fundaci\u00f3n March, Festival International de Torroella de Montgr\u00ed\u00a0<\/span>&#8230;<\/p>\n<p>[\/vc_column_text][vc_empty_space height=\u00a0\u00bb50px\u00a0\u00bb]<a  itemprop=\"url\" href=\"https:\/\/www.esterpineda.com\/index.php\/biographie-2-4\/\" target=\"_blank\" data-hover-background-color='#333333' data-hover-border-color='#333333' data-hover-color='#ffffff' class=\"qbutton  large default\" style=\"\">BIOGRAFIA (cont.)<\/a>[\/qode_elements_holder_item][\/qode_elements_holder][\/vc_column][\/vc_row][vc_row css_animation=\u00a0\u00bb\u00a0\u00bb row_type=\u00a0\u00bbrow\u00a0\u00bb use_row_as_full_screen_section=\u00a0\u00bbno\u00a0\u00bb type=\u00a0\u00bbgrid\u00a0\u00bb angled_section=\u00a0\u00bbno\u00a0\u00bb text_align=\u00a0\u00bbleft\u00a0\u00bb background_image_as_pattern=\u00a0\u00bbwithout_pattern\u00a0\u00bb css=\u00a0\u00bb.vc_custom_1611769230208{padding-top: 90px !important;padding-bottom: 50px !important;background-image: url(https:\/\/bridge206.qodeinteractive.com\/wp-content\/uploads\/2018\/03\/background-h1.jpg?id=51) !important;}\u00a0\u00bb z_index=\u00a0\u00bb\u00a0\u00bb][vc_column offset=\u00a0\u00bbvc_col-lg-offset-0 vc_col-lg-6 vc_col-md-offset-0 vc_col-md-12 vc_col-sm-offset-0 vc_col-xs-12&Prime;][qode_elements_holder number_of_columns=\u00a0\u00bbone_column\u00a0\u00bb][qode_elements_holder_item vertical_alignment=\u00a0\u00bbmiddle\u00a0\u00bb horizontal_alignment=\u00a0\u00bbcenter\u00a0\u00bb advanced_animations=\u00a0\u00bbno\u00a0\u00bb item_padding=\u00a0\u00bb38px 0 0 158px\u00a0\u00bb item_padding_1024_1280=\u00a0\u00bb15px 0 0 148px\u00a0\u00bb item_padding_768_1024=\u00a0\u00bb0px 133px 100px 133px\u00a0\u00bb item_padding_600_768=\u00a0\u00bb0px 33px 100px 33px\u00a0\u00bb item_padding_480_600=\u00a0\u00bb38px 0 70px 0px\u00a0\u00bb item_padding_480=\u00a0\u00bb38px 0 70px 0px\u00a0\u00bb][vc_column_text]<\/p>\n<h1>PRENSA<\/h1>\n<p>[\/vc_column_text][vc_column_text]<\/p>\n<p style=\"text-align: center;\"><em>El virtuosismo que emana de Ester Pineda en escena est\u00e1 totalmente vinculado a la profundidad de su discurso musical. Desde las primeras notas, sabe hacerse suyo un p\u00fablico cautivado por la sensibilidad de sus interpretaciones y una calidad de sonido propia de los grandes pianistas.<\/em> (Andr\u00e9 Pereygne &#8211; Nice Matin)<\/p>\n<p>[\/vc_column_text][vc_empty_space height=\u00a0\u00bb25px\u00a0\u00bb][vc_column_text]<\/p>\n<h3>&#8211; ANDR\u00c9 PEREYGNE (Nice Matin)<\/h3>\n<p>[\/vc_column_text][vc_empty_space height=\u00a0\u00bb25px\u00a0\u00bb][\/qode_elements_holder_item][\/qode_elements_holder][\/vc_column][vc_column offset=\u00a0\u00bbvc_col-lg-offset-0 vc_col-lg-6 vc_col-md-offset-0 vc_col-md-12 vc_col-xs-12&Prime;][qode_elements_holder number_of_columns=\u00a0\u00bbone_column\u00a0\u00bb][qode_elements_holder_item vertical_alignment=\u00a0\u00bbmiddle\u00a0\u00bb horizontal_alignment=\u00a0\u00bbcenter\u00a0\u00bb advanced_animations=\u00a0\u00bbno\u00a0\u00bb item_padding=\u00a0\u00bb0 30% 0 4%\u00a0\u00bb item_padding_768_1024=\u00a0\u00bb0 12% 0 4%\u00a0\u00bb item_padding_600_768=\u00a0\u00bb0 8% 0 0%\u00a0\u00bb item_padding_480_600=\u00a0\u00bb0 5% 0 0%\u00a0\u00bb item_padding_480=\u00a0\u00bb0 5% 0 0%\u00a0\u00bb][vc_single_image image=\u00a0\u00bb2879&Prime; img_size=\u00a0\u00bbfull\u00a0\u00bb qode_css_animation=\u00a0\u00bb\u00a0\u00bb][\/qode_elements_holder_item][\/qode_elements_holder][\/vc_column][\/vc_row][vc_row css_animation=\u00a0\u00bb\u00a0\u00bb row_type=\u00a0\u00bbrow\u00a0\u00bb use_row_as_full_screen_section=\u00a0\u00bbno\u00a0\u00bb type=\u00a0\u00bbfull_width\u00a0\u00bb angled_section=\u00a0\u00bbno\u00a0\u00bb text_align=\u00a0\u00bbleft\u00a0\u00bb background_image_as_pattern=\u00a0\u00bbwithout_pattern\u00a0\u00bb z_index=\u00a0\u00bb\u00a0\u00bb][vc_column width=\u00a0\u00bb1\/6&Prime;][\/vc_column][vc_column width=\u00a0\u00bb2\/3&Prime;][qode_elements_holder number_of_columns=\u00a0\u00bbone_column\u00a0\u00bb][qode_elements_holder_item advanced_animations=\u00a0\u00bbno\u00a0\u00bb item_padding=\u00a0\u00bb0 4% 0px 7%\u00a0\u00bb]<div class=\"qode_video_box\">\n\t<a itemprop=\"image\" class=\"qode_video_image\" href=\"https:\/\/www.youtube.com\/watch?v=N5Gz01ySrtA\" data-rel=\"prettyPhoto\">\n\t\t\t\n\t\t\t<img src=\"https:\/\/www.esterpineda.com\/wp-content\/uploads\/2020\/03\/mains-verso-copie-scaled.jpg\" \/>\n\t\t\t<span class=\"qode_video_box_button_holder\">\n\t\t\t\t<span class=\"qode_video_box_button\">\n\t\t\t\t\t<span class=\"qode_video_box_button_arrow\">\n\t\t\t\t\t<\/span>\n\t\t\t\t<\/span>\n\t\t\t<\/span>\n\t\t\t<\/a>\n<\/div>[vc_empty_space height=\u00a0\u00bb50px\u00a0\u00bb][\/qode_elements_holder_item][\/qode_elements_holder][\/vc_column][vc_column width=\u00a0\u00bb1\/6&Prime;][\/vc_column][\/vc_row]<\/p>\n","protected":false},"excerpt":{"rendered":"<p>[vc_row css_animation=\u00a0\u00bb\u00a0\u00bb row_type=\u00a0\u00bbrow\u00a0\u00bb use_row_as_full_screen_section=\u00a0\u00bbno\u00a0\u00bb type=\u00a0\u00bbfull_width\u00a0\u00bb angled_section=\u00a0\u00bbno\u00a0\u00bb text_align=\u00a0\u00bbleft\u00a0\u00bb background_image_as_pattern=\u00a0\u00bbwithout_pattern\u00a0\u00bb z_index=\u00a0\u00bb\u00a0\u00bb][vc_column][rev_slider_vc alias=\u00a0\u00bbfr-2025-ester-pineda-1&Prime;][vc_empty_space height=\u00a0\u00bb32&Prime;][\/vc_column][\/vc_row][vc_row css_animation=\u00a0\u00bb\u00a0\u00bb row_type=\u00a0\u00bbrow\u00a0\u00bb use_row_as_full_screen_section=\u00a0\u00bbno\u00a0\u00bb type=\u00a0\u00bbfull_width\u00a0\u00bb angled_section=\u00a0\u00bbno\u00a0\u00bb text_align=\u00a0\u00bbleft\u00a0\u00bb background_image_as_pattern=\u00a0\u00bbwithout_pattern\u00a0\u00bb z_index=\u00a0\u00bb\u00a0\u00bb][vc_column offset=\u00a0\u00bbvc_hidden-lg vc_hidden-md vc_hidden-sm\u00a0\u00bb][qode_elements_holder number_of_columns=\u00a0\u00bbone_column\u00a0\u00bb][qode_elements_holder_item horizontal_alignment=\u00a0\u00bbcenter\u00a0\u00bb advanced_animations=\u00a0\u00bbno\u00a0\u00bb item_padding=\u00a0\u00bb0 4% 0px 7%\u00a0\u00bb][vc_column_text] NUEVO ALBUM 2025 [\/vc_column_text][vc_empty_space height=\u00a0\u00bb32&Prime;][vc_single_image image=\u00a0\u00bb17289&Prime; img_size=\u00a0\u00bbfull\u00a0\u00bb qode_css_animation=\u00a0\u00bb\u00a0\u00bb][vc_empty_space height=\u00a0\u00bb32&Prime;][vc_empty_space height=\u00a0\u00bb20&Prime;][\/qode_elements_holder_item][\/qode_elements_holder][\/vc_column][\/vc_row][vc_row css_animation=\u00a0\u00bb\u00a0\u00bb row_type=\u00a0\u00bbrow\u00a0\u00bb use_row_as_full_screen_section=\u00a0\u00bbno\u00a0\u00bb type=\u00a0\u00bbfull_width\u00a0\u00bb angled_section=\u00a0\u00bbno\u00a0\u00bb text_align=\u00a0\u00bbleft\u00a0\u00bb&#8230;<\/p>\n","protected":false},"author":2,"featured_media":0,"parent":0,"menu_order":0,"comment_status":"closed","ping_status":"closed","template":"","meta":[],"_links":{"self":[{"href":"https:\/\/www.esterpineda.com\/index.php\/wp-json\/wp\/v2\/pages\/16449"}],"collection":[{"href":"https:\/\/www.esterpineda.com\/index.php\/wp-json\/wp\/v2\/pages"}],"about":[{"href":"https:\/\/www.esterpineda.com\/index.php\/wp-json\/wp\/v2\/types\/page"}],"author":[{"embeddable":true,"href":"https:\/\/www.esterpineda.com\/index.php\/wp-json\/wp\/v2\/users\/2"}],"replies":[{"embeddable":true,"href":"https:\/\/www.esterpineda.com\/index.php\/wp-json\/wp\/v2\/comments?post=16449"}],"version-history":[{"count":40,"href":"https:\/\/www.esterpineda.com\/index.php\/wp-json\/wp\/v2\/pages\/16449\/revisions"}],"predecessor-version":[{"id":18066,"href":"https:\/\/www.esterpineda.com\/index.php\/wp-json\/wp\/v2\/pages\/16449\/revisions\/18066"}],"wp:attachment":[{"href":"https:\/\/www.esterpineda.com\/index.php\/wp-json\/wp\/v2\/media?parent=16449"}],"curies":[{"name":"wp","href":"https:\/\/api.w.org\/{rel}","templated":true}]}}