{"id":16482,"date":"2020-06-04T19:30:30","date_gmt":"2020-06-04T17:30:30","guid":{"rendered":"https:\/\/www.esterpineda.com\/index.php\/mais-aussi\/"},"modified":"2025-10-06T21:45:18","modified_gmt":"2025-10-06T19:45:18","slug":"mais-aussi","status":"publish","type":"page","link":"https:\/\/www.esterpineda.com\/index.php\/mais-aussi\/?lang=es","title":{"rendered":"Y tambi\u00e9n&#8230;"},"content":{"rendered":"<p>[vc_row css_animation=\u00a0\u00bb\u00a0\u00bb row_type=\u00a0\u00bbrow\u00a0\u00bb use_row_as_full_screen_section=\u00a0\u00bbno\u00a0\u00bb type=\u00a0\u00bbfull_width\u00a0\u00bb angled_section=\u00a0\u00bbno\u00a0\u00bb text_align=\u00a0\u00bbleft\u00a0\u00bb background_image_as_pattern=\u00a0\u00bbwithout_pattern\u00a0\u00bb z_index=\u00a0\u00bb\u00a0\u00bb][vc_column][vc_empty_space][qode_elements_holder number_of_columns=\u00a0\u00bbone_column\u00a0\u00bb][qode_elements_holder_item horizontal_alignment=\u00a0\u00bbcenter\u00a0\u00bb advanced_animations=\u00a0\u00bbno\u00a0\u00bb item_padding=\u00a0\u00bb0px 20% 0px 20%\u00a0\u00bb item_padding_1280_1440=\u00a0\u00bb39px 19% 0px 20%\u00a0\u00bb item_padding_1024_1280=\u00a0\u00bb39px 19% 0px 19%\u00a0\u00bb item_padding_600_768=\u00a0\u00bb60px 19% 0px 19%\u00a0\u00bb item_padding_480_600=\u00a0\u00bb60px 9% 0px 9%\u00a0\u00bb item_padding_480=\u00a0\u00bb60px 9% 0px 9%\u00a0\u00bb]<div class=\"qode_video_box disabled_hover_zoom\">\n\t<a itemprop=\"image\" class=\"qode_video_image\" href=\"https:\/\/www.youtube.com\/watch?v=bble6WRJ2vY&#038;t=10s\" data-rel=\"prettyPhoto\">\n\t\t\t\n\t\t\t<img src=\"https:\/\/www.esterpineda.com\/wp-content\/uploads\/2023\/02\/Affiche-paysage-scaled.jpg\" \/>\n\t\t\t<span class=\"qode_video_box_button_holder\">\n\t\t\t\t<span class=\"qode_video_box_button\">\n\t\t\t\t\t<span class=\"qode_video_box_button_arrow\">\n\t\t\t\t\t<\/span>\n\t\t\t\t<\/span>\n\t\t\t<\/span>\n\t\t\t<\/a>\n<\/div>[\/qode_elements_holder_item][\/qode_elements_holder][\/vc_column][\/vc_row][vc_row css_animation=\u00a0\u00bb\u00a0\u00bb row_type=\u00a0\u00bbrow\u00a0\u00bb use_row_as_full_screen_section=\u00a0\u00bbno\u00a0\u00bb type=\u00a0\u00bbgrid\u00a0\u00bb angled_section=\u00a0\u00bbno\u00a0\u00bb text_align=\u00a0\u00bbcenter\u00a0\u00bb background_image_as_pattern=\u00a0\u00bbwithout_pattern\u00a0\u00bb z_index=\u00a0\u00bb\u00a0\u00bb css=\u00a0\u00bb.vc_custom_1522412709995{padding-top: 62px !important;}\u00a0\u00bb][vc_column][qode_elements_holder number_of_columns=\u00a0\u00bbone_column\u00a0\u00bb][qode_elements_holder_item advanced_animations=\u00a0\u00bbno\u00a0\u00bb item_padding=\u00a0\u00bb0 20% 0 20%\u00a0\u00bb item_padding_600_768=\u00a0\u00bb0 10% 0 10%\u00a0\u00bb item_padding_480=\u00a0\u00bb0 0% 0 0%\u00a0\u00bb][vc_column_text]<\/p>\n<h2 style=\"text-align: center;\">DOCUMENTAL 2022<\/h2>\n<h3 style=\"text-align: center;\">Direcci\u00f3n: ESTER PINEDA<\/h3>\n<h3 style=\"text-align: center;\">Producci\u00f3n : <em>IReMus<\/em> y la Fundaci\u00f3n Royaumont<\/h3>\n<p>[\/vc_column_text][vc_empty_space height=\u00a0\u00bb40px\u00a0\u00bb][vc_column_text]<\/p>\n<div class=\"vc_empty_space\" style=\"text-align: center;\"><\/div>\n<div class=\"wpb_text_column wpb_content_element \" style=\"text-align: center;\">\n<div class=\"wpb_wrapper\">\n<p>Documental de divulgaci\u00f3n cient\u00edfica sobre la activdad cerebral creativa de los m\u00fasicos y la pedagog\u00eda musical. Estrenado en el marco de la \u00ab F\u00eate de la Science \u00bb los 15 y 16 de octubre del 2022 en Paris (Campus Jussieu, Sorbonne Universit\u00e9).<\/p>\n<p>&nbsp;<\/p>\n<\/div>\n<\/div>\n<p style=\"text-align: center;\">Con <a href=\"https:\/\/www.etsukohirose.com\/\">Etsuko HIROSE<\/a> y j\u00f3venes alumnos del conservatorio Jean-Philippe RAMEAU de Paris.<\/p>\n<p style=\"text-align: center;\">Producido por\u00a0la <em>Fondation Royaumont<\/em> y el laboratorio de investigaci\u00f3n en musicolog\u00eda <em>IReMus<\/em> (BNF, Minist\u00e8re de la Culture, Sorbonne Universit\u00e9)<\/p>\n<p>[\/vc_column_text][vc_empty_space height=\u00a0\u00bb40px\u00a0\u00bb][\/qode_elements_holder_item][\/qode_elements_holder][\/vc_column][\/vc_row][vc_row css_animation=\u00a0\u00bb\u00a0\u00bb row_type=\u00a0\u00bbrow\u00a0\u00bb use_row_as_full_screen_section=\u00a0\u00bbno\u00a0\u00bb type=\u00a0\u00bbfull_width\u00a0\u00bb angled_section=\u00a0\u00bbno\u00a0\u00bb text_align=\u00a0\u00bbleft\u00a0\u00bb background_image_as_pattern=\u00a0\u00bbwithout_pattern\u00a0\u00bb z_index=\u00a0\u00bb\u00a0\u00bb][vc_column][qode_elements_holder number_of_columns=\u00a0\u00bbone_column\u00a0\u00bb][qode_elements_holder_item horizontal_alignment=\u00a0\u00bbcenter\u00a0\u00bb advanced_animations=\u00a0\u00bbno\u00a0\u00bb item_padding=\u00a0\u00bb0px 20% 0px 20%\u00a0\u00bb item_padding_1280_1440=\u00a0\u00bb39px 19% 0px 20%\u00a0\u00bb item_padding_1024_1280=\u00a0\u00bb39px 19% 0px 19%\u00a0\u00bb item_padding_600_768=\u00a0\u00bb60px 19% 0px 19%\u00a0\u00bb item_padding_480_600=\u00a0\u00bb60px 9% 0px 9%\u00a0\u00bb item_padding_480=\u00a0\u00bb60px 9% 0px 9%\u00a0\u00bb]<div class=\"qode_video_box disabled_hover_zoom\">\n\t<a itemprop=\"image\" class=\"qode_video_image\" href=\"https:\/\/www.youtube.com\/watch?v=FO2y5K3D4AY\" data-rel=\"prettyPhoto\">\n\t\t\t\n\t\t\t<img src=\"https:\/\/www.esterpineda.com\/wp-content\/uploads\/2020\/03\/AuditStGermain-rogne\u0301e.jpg\" \/>\n\t\t\t<span class=\"qode_video_box_button_holder\">\n\t\t\t\t<span class=\"qode_video_box_button\">\n\t\t\t\t\t<span class=\"qode_video_box_button_arrow\">\n\t\t\t\t\t<\/span>\n\t\t\t\t<\/span>\n\t\t\t<\/span>\n\t\t\t<\/a>\n<\/div>[\/qode_elements_holder_item][\/qode_elements_holder][\/vc_column][\/vc_row][vc_row css_animation=\u00a0\u00bb\u00a0\u00bb row_type=\u00a0\u00bbrow\u00a0\u00bb use_row_as_full_screen_section=\u00a0\u00bbno\u00a0\u00bb type=\u00a0\u00bbgrid\u00a0\u00bb angled_section=\u00a0\u00bbno\u00a0\u00bb text_align=\u00a0\u00bbcenter\u00a0\u00bb background_image_as_pattern=\u00a0\u00bbwithout_pattern\u00a0\u00bb z_index=\u00a0\u00bb\u00a0\u00bb css=\u00a0\u00bb.vc_custom_1522412709995{padding-top: 62px !important;}\u00a0\u00bb][vc_column][qode_elements_holder number_of_columns=\u00a0\u00bbone_column\u00a0\u00bb][qode_elements_holder_item advanced_animations=\u00a0\u00bbno\u00a0\u00bb item_padding=\u00a0\u00bb0 20% 0 20%\u00a0\u00bb item_padding_600_768=\u00a0\u00bb0 10% 0 10%\u00a0\u00bb item_padding_480=\u00a0\u00bb0 0% 0 0%\u00a0\u00bb][vc_column_text]<\/p>\n<h2 style=\"text-align: center;\">Cortometraje, <em>Balada para<\/em> <em>una mente musical<br \/>\n<\/em><\/h2>\n<h3 style=\"text-align: center;\">Premio del jurado, Concurso \u00ab\u00a0Les chercheurs fon leur cin\u00e9ma\u00a0\u00bb, 2017<\/h3>\n<h3 style=\"text-align: center;\">Direcci\u00f3n ESTER PINEDA<\/h3>\n<p>[\/vc_column_text][vc_empty_space height=\u00a0\u00bb40px\u00a0\u00bb][vc_column_text]<\/p>\n<p style=\"text-align: center;\">Ester, pianista, pedag\u00f3ga e investigadora, se interessa en la actividad cerebral de los m\u00fasicos. Sobre el hilo conductor de la m\u00fasica, el cortometraje propone una visi\u00f3n po\u00e9tica de la investigacion en neuropsicologia de la musica en la forma de una balada-exploraci\u00f3n del imaginario musical y de la audici\u00f3 interior de los pianistas. Diversas obras musicales vinculadas con sus investigaciones, nos guian per un camino situado en la confluencia de la musicolog\u00eda y de la psicolog\u00eda cognitiva.<\/p>\n<p>[\/vc_column_text][\/qode_elements_holder_item][\/qode_elements_holder][\/vc_column][\/vc_row][vc_row css_animation=\u00a0\u00bb\u00a0\u00bb row_type=\u00a0\u00bbrow\u00a0\u00bb use_row_as_full_screen_section=\u00a0\u00bbno\u00a0\u00bb type=\u00a0\u00bbgrid\u00a0\u00bb angled_section=\u00a0\u00bbno\u00a0\u00bb text_align=\u00a0\u00bbleft\u00a0\u00bb background_image_as_pattern=\u00a0\u00bbwithout_pattern\u00a0\u00bb z_index=\u00a0\u00bb\u00a0\u00bb css=\u00a0\u00bb.vc_custom_1522412971039{padding-top: 85px !important;}\u00a0\u00bb][vc_column][qode_elements_holder number_of_columns=\u00a0\u00bbone_column\u00a0\u00bb][qode_elements_holder_item vertical_alignment=\u00a0\u00bbmiddle\u00a0\u00bb horizontal_alignment=\u00a0\u00bbcenter\u00a0\u00bb advanced_animations=\u00a0\u00bbno\u00a0\u00bb item_padding=\u00a0\u00bb0 0px 0 44%\u00a0\u00bb item_padding_600_768=\u00a0\u00bb0 0px 0 38%\u00a0\u00bb item_padding_480_600=\u00a0\u00bb0 0px 0 38%\u00a0\u00bb item_padding_480=\u00a0\u00bb0 0px 0 26%\u00a0\u00bb][vc_single_image image=\u00a0\u00bb2916&Prime; img_size=\u00a0\u00bbfull\u00a0\u00bb qode_css_animation=\u00a0\u00bb\u00a0\u00bb][\/qode_elements_holder_item][\/qode_elements_holder][\/vc_column][\/vc_row]<\/p>\n","protected":false},"excerpt":{"rendered":"<p>[vc_row css_animation=\u00a0\u00bb\u00a0\u00bb row_type=\u00a0\u00bbrow\u00a0\u00bb use_row_as_full_screen_section=\u00a0\u00bbno\u00a0\u00bb type=\u00a0\u00bbfull_width\u00a0\u00bb angled_section=\u00a0\u00bbno\u00a0\u00bb text_align=\u00a0\u00bbleft\u00a0\u00bb background_image_as_pattern=\u00a0\u00bbwithout_pattern\u00a0\u00bb z_index=\u00a0\u00bb\u00a0\u00bb][vc_column][vc_empty_space][qode_elements_holder number_of_columns=\u00a0\u00bbone_column\u00a0\u00bb][qode_elements_holder_item horizontal_alignment=\u00a0\u00bbcenter\u00a0\u00bb advanced_animations=\u00a0\u00bbno\u00a0\u00bb item_padding=\u00a0\u00bb0px 20% 0px 20%\u00a0\u00bb item_padding_1280_1440=\u00a0\u00bb39px 19% 0px 20%\u00a0\u00bb item_padding_1024_1280=\u00a0\u00bb39px 19% 0px 19%\u00a0\u00bb item_padding_600_768=\u00a0\u00bb60px 19% 0px 19%\u00a0\u00bb item_padding_480_600=\u00a0\u00bb60px 9% 0px 9%\u00a0\u00bb item_padding_480=\u00a0\u00bb60px 9% 0px 9%\u00a0\u00bb][\/qode_elements_holder_item][\/qode_elements_holder][\/vc_column][\/vc_row][vc_row css_animation=\u00a0\u00bb\u00a0\u00bb row_type=\u00a0\u00bbrow\u00a0\u00bb use_row_as_full_screen_section=\u00a0\u00bbno\u00a0\u00bb type=\u00a0\u00bbgrid\u00a0\u00bb angled_section=\u00a0\u00bbno\u00a0\u00bb text_align=\u00a0\u00bbcenter\u00a0\u00bb background_image_as_pattern=\u00a0\u00bbwithout_pattern\u00a0\u00bb z_index=\u00a0\u00bb\u00a0\u00bb css=\u00a0\u00bb.vc_custom_1522412709995{padding-top:&#8230;<\/p>\n","protected":false},"author":2,"featured_media":0,"parent":0,"menu_order":0,"comment_status":"closed","ping_status":"closed","template":"full_width.php","meta":[],"_links":{"self":[{"href":"https:\/\/www.esterpineda.com\/index.php\/wp-json\/wp\/v2\/pages\/16482"}],"collection":[{"href":"https:\/\/www.esterpineda.com\/index.php\/wp-json\/wp\/v2\/pages"}],"about":[{"href":"https:\/\/www.esterpineda.com\/index.php\/wp-json\/wp\/v2\/types\/page"}],"author":[{"embeddable":true,"href":"https:\/\/www.esterpineda.com\/index.php\/wp-json\/wp\/v2\/users\/2"}],"replies":[{"embeddable":true,"href":"https:\/\/www.esterpineda.com\/index.php\/wp-json\/wp\/v2\/comments?post=16482"}],"version-history":[{"count":15,"href":"https:\/\/www.esterpineda.com\/index.php\/wp-json\/wp\/v2\/pages\/16482\/revisions"}],"predecessor-version":[{"id":17944,"href":"https:\/\/www.esterpineda.com\/index.php\/wp-json\/wp\/v2\/pages\/16482\/revisions\/17944"}],"wp:attachment":[{"href":"https:\/\/www.esterpineda.com\/index.php\/wp-json\/wp\/v2\/media?parent=16482"}],"curies":[{"name":"wp","href":"https:\/\/api.w.org\/{rel}","templated":true}]}}