{"id":2876,"date":"2020-03-22T10:54:46","date_gmt":"2020-03-22T09:54:46","guid":{"rendered":"https:\/\/www.esterpineda.com\/?page_id=2876"},"modified":"2025-07-30T16:58:38","modified_gmt":"2025-07-30T14:58:38","slug":"about-2","status":"publish","type":"page","link":"https:\/\/www.esterpineda.com\/index.php\/about-2\/","title":{"rendered":"Mais aussi&#8230;"},"content":{"rendered":"<p>[vc_row css_animation=\u00a0\u00bb\u00a0\u00bb row_type=\u00a0\u00bbrow\u00a0\u00bb use_row_as_full_screen_section=\u00a0\u00bbno\u00a0\u00bb type=\u00a0\u00bbfull_width\u00a0\u00bb angled_section=\u00a0\u00bbno\u00a0\u00bb text_align=\u00a0\u00bbleft\u00a0\u00bb background_image_as_pattern=\u00a0\u00bbwithout_pattern\u00a0\u00bb z_index=\u00a0\u00bb\u00a0\u00bb][vc_column][vc_empty_space][qode_elements_holder number_of_columns=\u00a0\u00bbone_column\u00a0\u00bb][qode_elements_holder_item horizontal_alignment=\u00a0\u00bbcenter\u00a0\u00bb advanced_animations=\u00a0\u00bbno\u00a0\u00bb item_padding=\u00a0\u00bb0px 20% 0px 20%\u00a0\u00bb item_padding_1280_1440=\u00a0\u00bb39px 19% 0px 20%\u00a0\u00bb item_padding_1024_1280=\u00a0\u00bb39px 19% 0px 19%\u00a0\u00bb item_padding_600_768=\u00a0\u00bb60px 19% 0px 19%\u00a0\u00bb item_padding_480_600=\u00a0\u00bb60px 9% 0px 9%\u00a0\u00bb item_padding_480=\u00a0\u00bb60px 9% 0px 9%\u00a0\u00bb]<div class=\"qode_video_box disabled_hover_zoom\">\n\t<a itemprop=\"image\" class=\"qode_video_image\" href=\"https:\/\/www.youtube.com\/watch?v=bble6WRJ2vY\" data-rel=\"prettyPhoto\">\n\t\t\t\n\t\t\t<img src=\"https:\/\/www.esterpineda.com\/wp-content\/uploads\/2023\/02\/Affiche-paysage-scaled.jpg\" \/>\n\t\t\t<span class=\"qode_video_box_button_holder\">\n\t\t\t\t<span class=\"qode_video_box_button\">\n\t\t\t\t\t<span class=\"qode_video_box_button_arrow\">\n\t\t\t\t\t<\/span>\n\t\t\t\t<\/span>\n\t\t\t<\/span>\n\t\t\t<\/a>\n<\/div>[\/qode_elements_holder_item][\/qode_elements_holder][\/vc_column][\/vc_row][vc_row css_animation=\u00a0\u00bb\u00a0\u00bb row_type=\u00a0\u00bbrow\u00a0\u00bb use_row_as_full_screen_section=\u00a0\u00bbno\u00a0\u00bb type=\u00a0\u00bbgrid\u00a0\u00bb angled_section=\u00a0\u00bbno\u00a0\u00bb text_align=\u00a0\u00bbcenter\u00a0\u00bb background_image_as_pattern=\u00a0\u00bbwithout_pattern\u00a0\u00bb z_index=\u00a0\u00bb\u00a0\u00bb css=\u00a0\u00bb.vc_custom_1522412709995{padding-top: 62px !important;}\u00a0\u00bb][vc_column][qode_elements_holder number_of_columns=\u00a0\u00bbone_column\u00a0\u00bb][qode_elements_holder_item advanced_animations=\u00a0\u00bbno\u00a0\u00bb item_padding=\u00a0\u00bb0 20% 0 20%\u00a0\u00bb item_padding_600_768=\u00a0\u00bb0 10% 0 10%\u00a0\u00bb item_padding_480=\u00a0\u00bb0 0% 0 0%\u00a0\u00bb][vc_column_text]<\/p>\n<h2>Documentaire 2022<\/h2>\n<p>[\/vc_column_text][vc_empty_space height=\u00a0\u00bb40px\u00a0\u00bb][vc_column_text]<\/p>\n<p style=\"text-align: left;\">Film de vulgarisation scientifique sur le cerveau cr\u00e9atif des musiciens et la p\u00e9dagogie de la musique. Il a \u00e9t\u00e9 pr\u00e9sent\u00e9 \u00e0 la \u00ab\u00a0F\u00eate de la Science\u00a0\u00bb les 15 et 16 octobre 2022 \u00e0 Paris (Campus Jussieu, Sorbonne Universit\u00e9).<\/p>\n<p style=\"text-align: left;\">Avec <a href=\"https:\/\/www.etsukohirose.com\/\">Etsuko HIROSE<\/a> et des jeunes \u00e9l\u00e8ves du Conservatoire jean-Philippe RAMEAU de Paris<\/p>\n<p style=\"text-align: left;\">Ce film a \u00e9t\u00e9 produit avec le soutien de la Fondation Royaumont et du Laboratoire de Recherche en Musicologie (IReMus, Sorbonne Universit\u00e9)<\/p>\n<p>[\/vc_column_text][\/qode_elements_holder_item][\/qode_elements_holder][vc_empty_space height=\u00a0\u00bb40px\u00a0\u00bb][\/vc_column][\/vc_row][vc_row css_animation=\u00a0\u00bb\u00a0\u00bb row_type=\u00a0\u00bbrow\u00a0\u00bb use_row_as_full_screen_section=\u00a0\u00bbno\u00a0\u00bb type=\u00a0\u00bbfull_width\u00a0\u00bb angled_section=\u00a0\u00bbno\u00a0\u00bb text_align=\u00a0\u00bbleft\u00a0\u00bb background_image_as_pattern=\u00a0\u00bbwithout_pattern\u00a0\u00bb z_index=\u00a0\u00bb\u00a0\u00bb][vc_column][qode_elements_holder number_of_columns=\u00a0\u00bbone_column\u00a0\u00bb][qode_elements_holder_item horizontal_alignment=\u00a0\u00bbcenter\u00a0\u00bb advanced_animations=\u00a0\u00bbno\u00a0\u00bb item_padding=\u00a0\u00bb0px 20% 0px 20%\u00a0\u00bb item_padding_1280_1440=\u00a0\u00bb39px 19% 0px 20%\u00a0\u00bb item_padding_1024_1280=\u00a0\u00bb39px 19% 0px 19%\u00a0\u00bb item_padding_600_768=\u00a0\u00bb60px 19% 0px 19%\u00a0\u00bb item_padding_480_600=\u00a0\u00bb60px 9% 0px 9%\u00a0\u00bb item_padding_480=\u00a0\u00bb60px 9% 0px 9%\u00a0\u00bb]<div class=\"qode_video_box disabled_hover_zoom\">\n\t<a itemprop=\"image\" class=\"qode_video_image\" href=\"https:\/\/www.youtube.com\/watch?v=FO2y5K3D4AY\" data-rel=\"prettyPhoto\">\n\t\t\t\n\t\t\t<img src=\"https:\/\/www.esterpineda.com\/wp-content\/uploads\/2020\/03\/AuditStGermain-rogne\u0301e.jpg\" \/>\n\t\t\t<span class=\"qode_video_box_button_holder\">\n\t\t\t\t<span class=\"qode_video_box_button\">\n\t\t\t\t\t<span class=\"qode_video_box_button_arrow\">\n\t\t\t\t\t<\/span>\n\t\t\t\t<\/span>\n\t\t\t<\/span>\n\t\t\t<\/a>\n<\/div>[\/qode_elements_holder_item][\/qode_elements_holder][\/vc_column][\/vc_row][vc_row css_animation=\u00a0\u00bb\u00a0\u00bb row_type=\u00a0\u00bbrow\u00a0\u00bb use_row_as_full_screen_section=\u00a0\u00bbno\u00a0\u00bb type=\u00a0\u00bbgrid\u00a0\u00bb angled_section=\u00a0\u00bbno\u00a0\u00bb text_align=\u00a0\u00bbcenter\u00a0\u00bb background_image_as_pattern=\u00a0\u00bbwithout_pattern\u00a0\u00bb z_index=\u00a0\u00bb\u00a0\u00bb css=\u00a0\u00bb.vc_custom_1522412709995{padding-top: 62px !important;}\u00a0\u00bb][vc_column][qode_elements_holder number_of_columns=\u00a0\u00bbone_column\u00a0\u00bb][qode_elements_holder_item advanced_animations=\u00a0\u00bbno\u00a0\u00bb item_padding=\u00a0\u00bb0 20% 0 20%\u00a0\u00bb item_padding_600_768=\u00a0\u00bb0 10% 0 10%\u00a0\u00bb item_padding_480=\u00a0\u00bb0 0% 0 0%\u00a0\u00bb][vc_column_text]<\/p>\n<h2>Court-m\u00e9trage, <em>Ballade pour un cerveau musical<\/em><\/h2>\n<h3>Prix du jury au festival \u00ab\u00a0Les chercheurs font leur cin\u00e9ma\u00a0\u00bb 2017<\/h3>\n<h3>R\u00e9alisatrice: ESTER PINEDA<\/h3>\n<p>[\/vc_column_text][vc_empty_space height=\u00a0\u00bb40px\u00a0\u00bb][vc_column_text]<\/p>\n<p style=\"text-align: left;\">Ester, pianiste p\u00e9dagogue et chercheure, s\u2019int\u00e9resse aux m\u00e9andres de l&rsquo;activit\u00e9 c\u00e9r\u00e9brale des musiciens. Sur le fil conducteur de la musique, le film propose une vision po\u00e9tique sur la recherche en neuropsychologie de la musique dans une balade-exploration de l&rsquo;imaginaire musical et de l&rsquo;\u00e9coute int\u00e9rieure des pianistes. Diff\u00e9rentes \u0153uvres musicales faisant l\u2019objet de ses recherches nous guident dans un parcours \u00e0 la crois\u00e9e de la musicologie et la psychologie cognitive.<\/p>\n<p>[\/vc_column_text][\/qode_elements_holder_item][\/qode_elements_holder][\/vc_column][\/vc_row][vc_row css_animation=\u00a0\u00bb\u00a0\u00bb row_type=\u00a0\u00bbrow\u00a0\u00bb use_row_as_full_screen_section=\u00a0\u00bbno\u00a0\u00bb type=\u00a0\u00bbgrid\u00a0\u00bb angled_section=\u00a0\u00bbno\u00a0\u00bb text_align=\u00a0\u00bbleft\u00a0\u00bb background_image_as_pattern=\u00a0\u00bbwithout_pattern\u00a0\u00bb z_index=\u00a0\u00bb\u00a0\u00bb css=\u00a0\u00bb.vc_custom_1522412971039{padding-top: 85px !important;}\u00a0\u00bb][vc_column][qode_elements_holder number_of_columns=\u00a0\u00bbone_column\u00a0\u00bb][qode_elements_holder_item vertical_alignment=\u00a0\u00bbmiddle\u00a0\u00bb horizontal_alignment=\u00a0\u00bbcenter\u00a0\u00bb advanced_animations=\u00a0\u00bbno\u00a0\u00bb item_padding=\u00a0\u00bb0 0px 0 44%\u00a0\u00bb item_padding_600_768=\u00a0\u00bb0 0px 0 38%\u00a0\u00bb item_padding_480_600=\u00a0\u00bb0 0px 0 38%\u00a0\u00bb item_padding_480=\u00a0\u00bb0 0px 0 26%\u00a0\u00bb][vc_single_image image=\u00a0\u00bb2916&Prime; img_size=\u00a0\u00bbfull\u00a0\u00bb qode_css_animation=\u00a0\u00bb\u00a0\u00bb][\/qode_elements_holder_item][\/qode_elements_holder][\/vc_column][\/vc_row]<\/p>\n","protected":false},"excerpt":{"rendered":"<p>[vc_row css_animation=\u00a0\u00bb\u00a0\u00bb row_type=\u00a0\u00bbrow\u00a0\u00bb use_row_as_full_screen_section=\u00a0\u00bbno\u00a0\u00bb type=\u00a0\u00bbfull_width\u00a0\u00bb angled_section=\u00a0\u00bbno\u00a0\u00bb text_align=\u00a0\u00bbleft\u00a0\u00bb background_image_as_pattern=\u00a0\u00bbwithout_pattern\u00a0\u00bb z_index=\u00a0\u00bb\u00a0\u00bb][vc_column][vc_empty_space][qode_elements_holder number_of_columns=\u00a0\u00bbone_column\u00a0\u00bb][qode_elements_holder_item horizontal_alignment=\u00a0\u00bbcenter\u00a0\u00bb advanced_animations=\u00a0\u00bbno\u00a0\u00bb item_padding=\u00a0\u00bb0px 20% 0px 20%\u00a0\u00bb item_padding_1280_1440=\u00a0\u00bb39px 19% 0px 20%\u00a0\u00bb item_padding_1024_1280=\u00a0\u00bb39px 19% 0px 19%\u00a0\u00bb item_padding_600_768=\u00a0\u00bb60px 19% 0px 19%\u00a0\u00bb item_padding_480_600=\u00a0\u00bb60px 9% 0px 9%\u00a0\u00bb item_padding_480=\u00a0\u00bb60px 9% 0px 9%\u00a0\u00bb][\/qode_elements_holder_item][\/qode_elements_holder][\/vc_column][\/vc_row][vc_row css_animation=\u00a0\u00bb\u00a0\u00bb row_type=\u00a0\u00bbrow\u00a0\u00bb use_row_as_full_screen_section=\u00a0\u00bbno\u00a0\u00bb type=\u00a0\u00bbgrid\u00a0\u00bb angled_section=\u00a0\u00bbno\u00a0\u00bb text_align=\u00a0\u00bbcenter\u00a0\u00bb background_image_as_pattern=\u00a0\u00bbwithout_pattern\u00a0\u00bb z_index=\u00a0\u00bb\u00a0\u00bb css=\u00a0\u00bb.vc_custom_1522412709995{padding-top:&#8230;<\/p>\n","protected":false},"author":3,"featured_media":0,"parent":0,"menu_order":0,"comment_status":"closed","ping_status":"closed","template":"full_width.php","meta":[],"_links":{"self":[{"href":"https:\/\/www.esterpineda.com\/index.php\/wp-json\/wp\/v2\/pages\/2876"}],"collection":[{"href":"https:\/\/www.esterpineda.com\/index.php\/wp-json\/wp\/v2\/pages"}],"about":[{"href":"https:\/\/www.esterpineda.com\/index.php\/wp-json\/wp\/v2\/types\/page"}],"author":[{"embeddable":true,"href":"https:\/\/www.esterpineda.com\/index.php\/wp-json\/wp\/v2\/users\/3"}],"replies":[{"embeddable":true,"href":"https:\/\/www.esterpineda.com\/index.php\/wp-json\/wp\/v2\/comments?post=2876"}],"version-history":[{"count":23,"href":"https:\/\/www.esterpineda.com\/index.php\/wp-json\/wp\/v2\/pages\/2876\/revisions"}],"predecessor-version":[{"id":17500,"href":"https:\/\/www.esterpineda.com\/index.php\/wp-json\/wp\/v2\/pages\/2876\/revisions\/17500"}],"wp:attachment":[{"href":"https:\/\/www.esterpineda.com\/index.php\/wp-json\/wp\/v2\/media?parent=2876"}],"curies":[{"name":"wp","href":"https:\/\/api.w.org\/{rel}","templated":true}]}}