{"id":5,"date":"2018-03-28T12:46:45","date_gmt":"2018-03-28T12:46:45","guid":{"rendered":"http:\/\/bridge206.qodeinteractive.com\/?page_id=5"},"modified":"2025-11-11T15:08:42","modified_gmt":"2025-11-11T14:08:42","slug":"home","status":"publish","type":"page","link":"https:\/\/www.esterpineda.com\/","title":{"rendered":"Accueil"},"content":{"rendered":"<p>[vc_row css_animation=\u00a0\u00bb\u00a0\u00bb row_type=\u00a0\u00bbrow\u00a0\u00bb use_row_as_full_screen_section=\u00a0\u00bbyes\u00a0\u00bb type=\u00a0\u00bbfull_width\u00a0\u00bb angled_section=\u00a0\u00bbno\u00a0\u00bb text_align=\u00a0\u00bbleft\u00a0\u00bb background_image_as_pattern=\u00a0\u00bbwithout_pattern\u00a0\u00bb z_index=\u00a0\u00bb\u00a0\u00bb][vc_column offset=\u00a0\u00bbvc_hidden-md vc_hidden-sm vc_hidden-xs\u00a0\u00bb][rev_slider_vc alias=\u00a0\u00bbes-2025-ester-pineda-11&Prime;][vc_empty_space][\/vc_column][\/vc_row][vc_row css_animation=\u00a0\u00bb\u00a0\u00bb row_type=\u00a0\u00bbrow\u00a0\u00bb use_row_as_full_screen_section=\u00a0\u00bbno\u00a0\u00bb type=\u00a0\u00bbfull_width\u00a0\u00bb angled_section=\u00a0\u00bbno\u00a0\u00bb text_align=\u00a0\u00bbleft\u00a0\u00bb background_image_as_pattern=\u00a0\u00bbwithout_pattern\u00a0\u00bb z_index=\u00a0\u00bb\u00a0\u00bb][vc_column width=\u00a0\u00bb1\/6&Prime;][\/vc_column][vc_column width=\u00a0\u00bb2\/3&Prime;][qode_elements_holder number_of_columns=\u00a0\u00bbone_column\u00a0\u00bb][qode_elements_holder_item advanced_animations=\u00a0\u00bbno\u00a0\u00bb item_padding=\u00a0\u00bb0 4% 0px 7%\u00a0\u00bb]<div class=\"qode_video_box\">\n\t<a itemprop=\"image\" class=\"qode_video_image\" href=\"https:\/\/www.youtube.com\/watch?v=4VjTeadVUcw\" data-rel=\"prettyPhoto\">\n\t\t\t\n\t\t\t<img src=\"https:\/\/www.esterpineda.com\/wp-content\/uploads\/2025\/07\/Miniature-vide\u0301o-pre\u0301sentation-CD.jpeg\" \/>\n\t\t\t<span class=\"qode_video_box_button_holder\">\n\t\t\t\t<span class=\"qode_video_box_button\">\n\t\t\t\t\t<span class=\"qode_video_box_button_arrow\">\n\t\t\t\t\t<\/span>\n\t\t\t\t<\/span>\n\t\t\t<\/span>\n\t\t\t<\/a>\n<\/div>[vc_empty_space height=\u00a0\u00bb32&Prime;][vc_column_text]<\/p>\n<h2 style=\"text-align: center;\">Nouvel album <em>\u00c9VOCATIONS IB\u00c9RIQUES<\/em><\/h2>\n<p>[\/vc_column_text][vc_empty_space height=\u00a0\u00bb12&Prime;][vc_column_text]<\/p>\n<p style=\"text-align: center;\"><em>\u00ab Tout choix est, par essence, arbitraire, et celui-ci ne fait pas exception; le choix de ce programme laisse in\u00e9vitablement dans l\u2019ombre des compositeurs<br \/>\net des \u0153uvres qui m\u00e9riteraient tout autant de figurer sur cet enregistrement. Pourtant, ce choix s\u2019est impos\u00e9 avec naturel, guid\u00e9 d\u2019une part par mon d\u00e9sir de mettre en lumi\u00e8re des pi\u00e8ces<br \/>\npeu enregistr\u00e9es, et d\u2019autre part par une sensibilit\u00e9 intime, celle qui fa\u00e7onne un programme comme on compose un r\u00e9cital\u00a0\u00bb.\u00a0<\/em> (Ester Pineda)<\/p>\n<p>[\/vc_column_text][vc_empty_space][vc_column_text]<\/p>\n<p style=\"text-align: center;\"><iframe style=\"border-radius: 12px;\" src=\"https:\/\/open.spotify.com\/embed\/track\/3mDw7QczFgJuTxVDg62HBX?utm_source=generator\" width=\"100%\" height=\"352\" frameborder=\"0\" allowfullscreen=\"allowfullscreen\" data-testid=\"embed-iframe\"><\/iframe><\/p>\n<p>[\/vc_column_text][vc_empty_space]<a  itemprop=\"url\" href=\"https:\/\/www.amazon.com\/dp\/B0FXHJ7S14?crid=1EKDC9Y9QNUCR&amp;dib=eyJ2IjoiMSJ9.bHdS8Um2BwHufZ5ZqpxltxBEOT6jVq5RkEj9CliGKhk.OEm-i4bgbXM3pbCimpBGo28tEnCPkW2NMgpPR71R2vw&amp;dib_tag=se&amp;keywords=%C3%A9vocations+ib%C3%A9riques&amp;qid=1762868908&amp;s=music&amp;sprefix=%C3%A9vocations+ib%C3%A9riques%2Cmusic-intl-ship%2C139&amp;sr=1-1\" target=\"_blank\" data-hover-background-color='#333333' data-hover-border-color='#333333' data-hover-color='#ffffff' class=\"qbutton  big_large_full_width default\" style=\"\">ACHETER L'ALBUM (MP3)<\/a>[vc_empty_space]<a  itemprop=\"url\" href=\"https:\/\/www.esterpineda.com\/index.php\/discographie\/\" target=\"_blank\" data-hover-background-color='#333333' data-hover-border-color='#333333' data-hover-color='#ffffff' class=\"qbutton  big_large_full_width default\" style=\"\">ACHETER LE DISQUE SIGN\u00c9 et D\u00c9DICAC\u00c9 (VINYLE OU CD)<\/a>[vc_empty_space][\/qode_elements_holder_item][\/qode_elements_holder][\/vc_column][vc_column width=\u00a0\u00bb1\/6&Prime;][\/vc_column][\/vc_row][vc_row css_animation=\u00a0\u00bb\u00a0\u00bb row_type=\u00a0\u00bbrow\u00a0\u00bb use_row_as_full_screen_section=\u00a0\u00bbno\u00a0\u00bb type=\u00a0\u00bbgrid\u00a0\u00bb angled_section=\u00a0\u00bbno\u00a0\u00bb text_align=\u00a0\u00bbleft\u00a0\u00bb background_image_as_pattern=\u00a0\u00bbwithout_pattern\u00a0\u00bb z_index=\u00a0\u00bb\u00a0\u00bb][vc_column offset=\u00a0\u00bbvc_col-lg-offset-0 vc_col-lg-6 vc_col-md-offset-0 vc_col-md-12 vc_col-xs-12&Prime;][qode_elements_holder number_of_columns=\u00a0\u00bbone_column\u00a0\u00bb][qode_elements_holder_item vertical_alignment=\u00a0\u00bbmiddle\u00a0\u00bb horizontal_alignment=\u00a0\u00bbcenter\u00a0\u00bb advanced_animations=\u00a0\u00bbno\u00a0\u00bb item_padding=\u00a0\u00bb0 13% 0 26%\u00a0\u00bb item_padding_768_1024=\u00a0\u00bb0 15% 0 16%\u00a0\u00bb item_padding_600_768=\u00a0\u00bb0 1% 0 1%\u00a0\u00bb item_padding_480_600=\u00a0\u00bb0 0 0 0&Prime; item_padding_480=\u00a0\u00bb0 0 0 0&Prime;][vc_single_image image=\u00a0\u00bb2886&Prime; img_size=\u00a0\u00bbfull\u00a0\u00bb qode_css_animation=\u00a0\u00bb\u00a0\u00bb][\/qode_elements_holder_item][\/qode_elements_holder][\/vc_column][vc_column offset=\u00a0\u00bbvc_col-lg-offset-0 vc_col-lg-6 vc_col-md-offset-0 vc_col-md-12 vc_col-sm-offset-0 vc_col-xs-12&Prime;][qode_elements_holder number_of_columns=\u00a0\u00bbone_column\u00a0\u00bb][qode_elements_holder_item vertical_alignment=\u00a0\u00bbmiddle\u00a0\u00bb horizontal_alignment=\u00a0\u00bbcenter\u00a0\u00bb advanced_animations=\u00a0\u00bbno\u00a0\u00bb item_padding=\u00a0\u00bb21px 205px 0 0px\u00a0\u00bb item_padding_1280_1440=\u00a0\u00bb0px 134px 0 0px\u00a0\u00bb item_padding_768_1024=\u00a0\u00bb60px 172px 0 172px\u00a0\u00bb item_padding_600_768=\u00a0\u00bb60px 2px 0 2px\u00a0\u00bb item_padding_480_600=\u00a0\u00bb21px 15px 0 0px\u00a0\u00bb item_padding_480=\u00a0\u00bb21px 15px 0 0px\u00a0\u00bb][vc_column_text][\/vc_column_text][vc_column_text]<\/p>\n<p style=\"text-align: left;\">Ester Pineda a \u00e9t\u00e9 remarqu\u00e9e au niveau international pour la premi\u00e8re fois quand elle a \u00e9t\u00e9 choisie pour repr\u00e9senter son pays \u00e0 l&rsquo;UNESCO \u00e0 l&rsquo;occasion de la Conf\u00e9rence G\u00e9n\u00e9rale en 1991. Depuis, Ester Pineda a donn\u00e9 des r\u00e9citals dans des prestigieuses salles en France (Th\u00e9\u00e2tre du Ch\u00e2telet, Festival Chopin, Invalides, Festival d&rsquo;Hiver du Ch\u00e2teau du Grand Jardin, Festival d&rsquo;Annecy, Aix-les-Bains, Chamb\u00e9ry, Nice, etc.), en Espagne (Fondation March, Festival International de Torroella de Montgri, Festival Vinas, etc.), en Grande Bretagne (Wigmore Hall &#8230;<!--more--><\/p>\n<p>&nbsp;<\/p>\n<p style=\"text-align: left;\"><em><strong>lire la suite, ci dessous<\/strong><\/em><\/p>\n<p>[\/vc_column_text][vc_empty_space height=\u00a0\u00bb50px\u00a0\u00bb]<a  itemprop=\"url\" href=\"https:\/\/www.esterpineda.com\/index.php\/biographie-2\/\" target=\"_blank\" data-hover-background-color='#333333' data-hover-border-color='#333333' data-hover-color='#ffffff' class=\"qbutton  large default\" style=\"\">BIOGRAPHIE (suite)<\/a>[\/qode_elements_holder_item][\/qode_elements_holder][\/vc_column][\/vc_row][vc_row css_animation=\u00a0\u00bb\u00a0\u00bb row_type=\u00a0\u00bbrow\u00a0\u00bb use_row_as_full_screen_section=\u00a0\u00bbno\u00a0\u00bb type=\u00a0\u00bbgrid\u00a0\u00bb angled_section=\u00a0\u00bbno\u00a0\u00bb text_align=\u00a0\u00bbleft\u00a0\u00bb background_image_as_pattern=\u00a0\u00bbwithout_pattern\u00a0\u00bb css=\u00a0\u00bb.vc_custom_1611756196773{padding-top: 90px !important;padding-bottom: 50px !important;background-image: url(https:\/\/bridge206.qodeinteractive.com\/wp-content\/uploads\/2018\/03\/background-h1.jpg?id=51) !important;}\u00a0\u00bb z_index=\u00a0\u00bb\u00a0\u00bb][vc_column offset=\u00a0\u00bbvc_col-lg-offset-0 vc_col-lg-6 vc_col-md-offset-0 vc_col-md-12 vc_col-sm-offset-0 vc_col-xs-12&Prime;][qode_elements_holder number_of_columns=\u00a0\u00bbone_column\u00a0\u00bb][qode_elements_holder_item vertical_alignment=\u00a0\u00bbmiddle\u00a0\u00bb horizontal_alignment=\u00a0\u00bbcenter\u00a0\u00bb advanced_animations=\u00a0\u00bbno\u00a0\u00bb item_padding=\u00a0\u00bb38px 0 0 158px\u00a0\u00bb item_padding_1024_1280=\u00a0\u00bb15px 0 0 148px\u00a0\u00bb item_padding_768_1024=\u00a0\u00bb0px 133px 100px 133px\u00a0\u00bb item_padding_600_768=\u00a0\u00bb0px 33px 100px 33px\u00a0\u00bb item_padding_480_600=\u00a0\u00bb38px 0 70px 0px\u00a0\u00bb item_padding_480=\u00a0\u00bb38px 0 70px 0px\u00a0\u00bb][vc_column_text]<\/p>\n<h1>PRESSE<\/h1>\n<p>[\/vc_column_text][vc_column_text]<\/p>\n<p style=\"text-align: center;\"><em>La virtuosit\u00e9 qu&rsquo;\u00e9mane d&rsquo;Ester Pineda sur sc\u00e8ne est totalement li\u00e9e \u00e0 la profondeur de son discours musical. D\u00e8s les premi\u00e8res notes, elle sait s&rsquo;attacher un public conquis par la finesse de son interpr\u00e9tation et une exceptionnelle qualit\u00e9 de son qui est celle des grands pianistes<\/em>.<\/p>\n<p>[\/vc_column_text][vc_empty_space height=\u00a0\u00bb25px\u00a0\u00bb][vc_column_text]<\/p>\n<h3>&#8211; ANDR\u00c9 PEREYGNE (Nice Matin)<\/h3>\n<p>[\/vc_column_text][\/qode_elements_holder_item][\/qode_elements_holder][\/vc_column][vc_column offset=\u00a0\u00bbvc_col-lg-offset-0 vc_col-lg-6 vc_col-md-offset-0 vc_col-md-12 vc_col-xs-12&Prime;][qode_elements_holder number_of_columns=\u00a0\u00bbone_column\u00a0\u00bb][qode_elements_holder_item vertical_alignment=\u00a0\u00bbmiddle\u00a0\u00bb horizontal_alignment=\u00a0\u00bbcenter\u00a0\u00bb advanced_animations=\u00a0\u00bbno\u00a0\u00bb item_padding=\u00a0\u00bb0 30% 0 4%\u00a0\u00bb item_padding_768_1024=\u00a0\u00bb0 12% 0 4%\u00a0\u00bb item_padding_600_768=\u00a0\u00bb0 8% 0 0%\u00a0\u00bb item_padding_480_600=\u00a0\u00bb0 5% 0 0%\u00a0\u00bb item_padding_480=\u00a0\u00bb0 5% 0 0%\u00a0\u00bb][vc_single_image image=\u00a0\u00bb2879&Prime; img_size=\u00a0\u00bbfull\u00a0\u00bb qode_css_animation=\u00a0\u00bb\u00a0\u00bb][\/qode_elements_holder_item][\/qode_elements_holder][\/vc_column][\/vc_row][vc_row css_animation=\u00a0\u00bb\u00a0\u00bb row_type=\u00a0\u00bbrow\u00a0\u00bb use_row_as_full_screen_section=\u00a0\u00bbno\u00a0\u00bb type=\u00a0\u00bbfull_width\u00a0\u00bb angled_section=\u00a0\u00bbno\u00a0\u00bb text_align=\u00a0\u00bbleft\u00a0\u00bb background_image_as_pattern=\u00a0\u00bbwithout_pattern\u00a0\u00bb z_index=\u00a0\u00bb\u00a0\u00bb][vc_column width=\u00a0\u00bb1\/6&Prime;][\/vc_column][vc_column width=\u00a0\u00bb2\/3&Prime;][qode_elements_holder number_of_columns=\u00a0\u00bbone_column\u00a0\u00bb][qode_elements_holder_item advanced_animations=\u00a0\u00bbno\u00a0\u00bb item_padding=\u00a0\u00bb0 4% 0px 7%\u00a0\u00bb]<div class=\"qode_video_box\">\n\t<a itemprop=\"image\" class=\"qode_video_image\" href=\"https:\/\/www.youtube.com\/watch?v=N5Gz01ySrtA&#038;t=103s\" data-rel=\"prettyPhoto\">\n\t\t\t\n\t\t\t<img src=\"https:\/\/www.esterpineda.com\/wp-content\/uploads\/2020\/03\/mains-verso-copie-scaled.jpg\" \/>\n\t\t\t<span class=\"qode_video_box_button_holder\">\n\t\t\t\t<span class=\"qode_video_box_button\">\n\t\t\t\t\t<span class=\"qode_video_box_button_arrow\">\n\t\t\t\t\t<\/span>\n\t\t\t\t<\/span>\n\t\t\t<\/span>\n\t\t\t<\/a>\n<\/div>[\/qode_elements_holder_item][\/qode_elements_holder][\/vc_column][vc_column width=\u00a0\u00bb1\/6&Prime;][\/vc_column][\/vc_row]<\/p>\n","protected":false},"excerpt":{"rendered":"<p>[vc_row css_animation=\u00a0\u00bb\u00a0\u00bb row_type=\u00a0\u00bbrow\u00a0\u00bb use_row_as_full_screen_section=\u00a0\u00bbyes\u00a0\u00bb type=\u00a0\u00bbfull_width\u00a0\u00bb angled_section=\u00a0\u00bbno\u00a0\u00bb text_align=\u00a0\u00bbleft\u00a0\u00bb background_image_as_pattern=\u00a0\u00bbwithout_pattern\u00a0\u00bb z_index=\u00a0\u00bb\u00a0\u00bb][vc_column offset=\u00a0\u00bbvc_hidden-md vc_hidden-sm vc_hidden-xs\u00a0\u00bb][rev_slider_vc alias=\u00a0\u00bbes-2025-ester-pineda-11&Prime;][vc_empty_space][\/vc_column][\/vc_row][vc_row css_animation=\u00a0\u00bb\u00a0\u00bb row_type=\u00a0\u00bbrow\u00a0\u00bb use_row_as_full_screen_section=\u00a0\u00bbno\u00a0\u00bb type=\u00a0\u00bbfull_width\u00a0\u00bb angled_section=\u00a0\u00bbno\u00a0\u00bb text_align=\u00a0\u00bbleft\u00a0\u00bb background_image_as_pattern=\u00a0\u00bbwithout_pattern\u00a0\u00bb z_index=\u00a0\u00bb\u00a0\u00bb][vc_column width=\u00a0\u00bb1\/6&Prime;][\/vc_column][vc_column width=\u00a0\u00bb2\/3&Prime;][qode_elements_holder number_of_columns=\u00a0\u00bbone_column\u00a0\u00bb][qode_elements_holder_item advanced_animations=\u00a0\u00bbno\u00a0\u00bb item_padding=\u00a0\u00bb0 4% 0px 7%\u00a0\u00bb][vc_empty_space height=\u00a0\u00bb32&Prime;][vc_column_text] Nouvel album \u00c9VOCATIONS IB\u00c9RIQUES [\/vc_column_text][vc_empty_space height=\u00a0\u00bb12&Prime;][vc_column_text] \u00ab Tout choix est, par essence, arbitraire, et celui-ci&#8230;<\/p>\n","protected":false},"author":2,"featured_media":0,"parent":0,"menu_order":0,"comment_status":"closed","ping_status":"closed","template":"","meta":[],"_links":{"self":[{"href":"https:\/\/www.esterpineda.com\/index.php\/wp-json\/wp\/v2\/pages\/5"}],"collection":[{"href":"https:\/\/www.esterpineda.com\/index.php\/wp-json\/wp\/v2\/pages"}],"about":[{"href":"https:\/\/www.esterpineda.com\/index.php\/wp-json\/wp\/v2\/types\/page"}],"author":[{"embeddable":true,"href":"https:\/\/www.esterpineda.com\/index.php\/wp-json\/wp\/v2\/users\/2"}],"replies":[{"embeddable":true,"href":"https:\/\/www.esterpineda.com\/index.php\/wp-json\/wp\/v2\/comments?post=5"}],"version-history":[{"count":160,"href":"https:\/\/www.esterpineda.com\/index.php\/wp-json\/wp\/v2\/pages\/5\/revisions"}],"predecessor-version":[{"id":18064,"href":"https:\/\/www.esterpineda.com\/index.php\/wp-json\/wp\/v2\/pages\/5\/revisions\/18064"}],"wp:attachment":[{"href":"https:\/\/www.esterpineda.com\/index.php\/wp-json\/wp\/v2\/media?parent=5"}],"curies":[{"name":"wp","href":"https:\/\/api.w.org\/{rel}","templated":true}]}}